{"id":14,"date":"2018-01-22T14:52:51","date_gmt":"2018-01-22T13:52:51","guid":{"rendered":"https:\/\/www.groupe-ctci.fr\/de\/?page_id=14"},"modified":"2023-03-28T15:41:04","modified_gmt":"2023-03-28T13:41:04","slug":"unsere-loesungen-nach-mass","status":"publish","type":"page","link":"https:\/\/www.groupe-ctci.fr\/de\/unsere-loesungen-nach-mass\/","title":{"rendered":"Unsere L\u00f6sungen nach Ma\u00df"},"content":{"rendered":"<p>[vc_row][vc_column width=&#8220;1\/2&#8243;][vc_column_text]<\/p>\n<h2>Gestern sprachen wir von <strong>thermogeformten Einweg- oder Mehrwegschalen<\/strong>. Heute sprechen wir von einer Verpackungs-, Handhabungs- und Transportl\u00f6sung durch Thermoformen, von der R\u00fcckgewinnung \u00fcber die Verarbeitung und Entstaubung bis hin zur Extrusion.<\/h2>\n<p>[\/vc_column_text][vc_column_text]Verkeilung, Schutz, interner und externer Fluss, technische oder optische Teile &#8211; unsere \u00dcberlegungen st\u00fctzen sich zun\u00e4chst auf das Know-how und den Einfallsreichtum unserer multidisziplin\u00e4ren Teams, um Ihnen die bestm\u00f6gliche L\u00f6sung f\u00fcr die Umsetzung Ihrer Anforderungen vorzuschlagen.<\/p>\n<p>Unser Ansatz f\u00fcr thermogeformte L\u00f6sungen ist entschieden auf die TCO (total cost owner) ausgerichtet, und wir beziehen Sie so eng wie m\u00f6glich in die \u00dcberlegungen ein, die schlie\u00dflich zur Umsetzung f\u00fchren.<\/p>\n<p>Wir erforschen f\u00fcr Sie und mit Ihnen alle disruptiven Technologien, die neue Wege aufzeigen, unseren Beruf und Ihre Bed\u00fcrfnisse zu verstehen.<\/p>\n<p>Innovationen, R\u00fcckgewinnung und Recycling unserer Produkte sind die effizienten Mittel, die es uns erm\u00f6glichen, das Thermoformen &#8222;anders&#8220; zu denken und etablierte L\u00f6sungen erneut zu besuchen und sie jeden Tag zu verbessern.<\/p>\n<p>Lassen Sie uns gemeinsam Ihre zuk\u00fcnftigen Verpackungen entwerfen![\/vc_column_text][\/vc_column][vc_column width=&#8220;1\/2&#8243; el_class=&#8220;forme-fond-carrousel&#8220;][vc_column_text]<script type=\"text\/javascript\">\r\ndocument.addEventListener(\"DOMContentLoaded\", function(event) { \r\n\tjQuery( '#slider-pro-3-2248' ).sliderPro({\r\n\t\t\/\/width\r\n\t\t\t\twidth: 800,\r\n\t\t\t\t\r\n\t\t\/\/height\r\n\t\t\t\theight: 500,\r\n\t\t\t\t\r\n\t\t\/\/auto play\r\n\t\t\t\tautoplay:  true,\r\n\t\tautoplayOnHover: 'none',\r\n\t\t\t\t\t\t\t\tautoplayDelay: 5000,\r\n\t\t\r\n\t\t\r\n\t\tarrows: false,\r\n\t\tbuttons: true,\r\n\t\tsmallSize: 500,\r\n\t\tmediumSize: 1000,\r\n\t\tlargeSize: 3000,\r\n\t\tfade: true,\r\n\t\t\r\n\t\t\/\/thumbnail\r\n\t\tthumbnailArrows: true,\r\n\t\tthumbnailWidth: 100,\r\n\t\tthumbnailHeight: 100,\r\n\t\t\t\t\t\tthumbnailsPosition: 'bottom',\r\n\t\t\t\t\t\tthumbnailPointer: true, \r\n\t\t\t\tcenterImage: true,\r\n\t\timageScaleMode: 'cover',\r\n\t\tallowScaleUp: true,\r\n\t\t\t\tstartSlide: 0,\r\n\t\tloop: true,\r\n\t\tslideDistance: 5,\r\n\t\tautoplayDirection: 'normal',\r\n\t\ttouchSwipe: true,\r\n\t\tfullScreen: true,\r\n\t});\r\n});\r\n<\/script>\r\n\r\n\t\t<div id=\"slider-pro-3-2248\" class=\"slider-pro\">\r\n\t\t\t<!---- slides div start ---->\r\n\t\t\t<div class=\"sp-slides\">\r\n\t\t\t\t\t\t\t\t\t\t<div class=\"sp-slide\">\r\n\t\t\t\t\t\t\t<img decoding=\"async\" class=\"sp-image\" loading=\"lazy\" alt=\"Hersteller von ma\u00dfgefertigten thermogeformten Tabletts f\u00fcr den manuellen Gebrauch\" src=\"https:\/\/www.groupe-ctci.fr\/de\/wp-content\/plugins\/ultimate-responsive-image-slider\/assets\/css\/images\/blank.gif\" data-src=\"https:\/\/www.groupe-ctci.fr\/de\/wp-content\/uploads\/sites\/5\/2022\/11\/hersteller-von-massgefertigten-thermogeformten-tabletts-fuer-den-manuellen-gebrauch.jpg\" \/>\r\n\r\n\t\t\t\t\t\t\t\r\n\t\t\t\t\t\t\t\t\t\t\t\t\t<\/div>\r\n\t\t\t\t\t\t\t\t\t\t\t\t<div class=\"sp-slide\">\r\n\t\t\t\t\t\t\t<img decoding=\"async\" class=\"sp-image\" loading=\"lazy\" alt=\"Ma\u00dfgeschneidertes thermogeformtes Teil\" src=\"https:\/\/www.groupe-ctci.fr\/de\/wp-content\/plugins\/ultimate-responsive-image-slider\/assets\/css\/images\/blank.gif\" data-src=\"https:\/\/www.groupe-ctci.fr\/de\/wp-content\/uploads\/sites\/5\/2022\/11\/massgeschneidertes-thermogeformtes-teil.jpg\" \/>\r\n\r\n\t\t\t\t\t\t\t\r\n\t\t\t\t\t\t\t\t\t\t\t\t\t<\/div>\r\n\t\t\t\t\t\t\t\t\t\t\t\t<div class=\"sp-slide\">\r\n\t\t\t\t\t\t\t<img decoding=\"async\" class=\"sp-image\" loading=\"lazy\" alt=\"Keilplatte Pumpe f\u00fcr Transport\" src=\"https:\/\/www.groupe-ctci.fr\/de\/wp-content\/plugins\/ultimate-responsive-image-slider\/assets\/css\/images\/blank.gif\" data-src=\"https:\/\/www.groupe-ctci.fr\/de\/wp-content\/uploads\/sites\/5\/2022\/10\/keilplatte-pumpe-fur-transport.png\" \/>\r\n\r\n\t\t\t\t\t\t\t\r\n\t\t\t\t\t\t\t\t\t\t\t\t\t<\/div>\r\n\t\t\t\t\t\t\t\t\t\t\t\t<div class=\"sp-slide\">\r\n\t\t\t\t\t\t\t<img decoding=\"async\" class=\"sp-image\" loading=\"lazy\" alt=\"Thermogeformte Einlage f\u00fcr elektronische Teile\" src=\"https:\/\/www.groupe-ctci.fr\/de\/wp-content\/plugins\/ultimate-responsive-image-slider\/assets\/css\/images\/blank.gif\" data-src=\"https:\/\/www.groupe-ctci.fr\/de\/wp-content\/uploads\/sites\/5\/2022\/11\/thermogeformte-einlage-fur-elektronische-teile.png\" \/>\r\n\r\n\t\t\t\t\t\t\t\r\n\t\t\t\t\t\t\t\t\t\t\t\t\t<\/div>\r\n\t\t\t\t\t\t\t\t\t<\/div>\r\n\t\t\t\r\n\t\t\t<!---- slides div end ---->\r\n\t\t\t\t\t\t<!-- slides thumbnails div start -->\r\n\t\t\t<div class=\"sp-thumbnails\">\r\n\t\t\t\t\t\t\t\t\t\t<img decoding=\"async\" class=\"sp-thumbnail\" loading=\"lazy\" src=\"https:\/\/www.groupe-ctci.fr\/de\/wp-content\/plugins\/ultimate-responsive-image-slider\/assets\/img\/loading.gif\" data-src=\"https:\/\/www.groupe-ctci.fr\/de\/wp-content\/uploads\/sites\/5\/2022\/11\/hersteller-von-massgefertigten-thermogeformten-tabletts-fuer-den-manuellen-gebrauch-300x141.jpg\" alt=\"Hersteller von ma\u00dfgefertigten thermogeformten Tabletts f\u00fcr den manuellen Gebrauch\"\/>\r\n\t\t\t\t\t\t\t\t\t\t\t<img decoding=\"async\" class=\"sp-thumbnail\" loading=\"lazy\" src=\"https:\/\/www.groupe-ctci.fr\/de\/wp-content\/plugins\/ultimate-responsive-image-slider\/assets\/img\/loading.gif\" data-src=\"https:\/\/www.groupe-ctci.fr\/de\/wp-content\/uploads\/sites\/5\/2022\/11\/massgeschneidertes-thermogeformtes-teil-300x141.jpg\" alt=\"Ma\u00dfgeschneidertes thermogeformtes Teil\"\/>\r\n\t\t\t\t\t\t\t\t\t\t\t<img decoding=\"async\" class=\"sp-thumbnail\" loading=\"lazy\" src=\"https:\/\/www.groupe-ctci.fr\/de\/wp-content\/plugins\/ultimate-responsive-image-slider\/assets\/img\/loading.gif\" data-src=\"https:\/\/www.groupe-ctci.fr\/de\/wp-content\/uploads\/sites\/5\/2022\/10\/keilplatte-pumpe-fur-transport-300x300.png\" alt=\"Keilplatte Pumpe f\u00fcr Transport\"\/>\r\n\t\t\t\t\t\t\t\t\t\t\t<img decoding=\"async\" class=\"sp-thumbnail\" loading=\"lazy\" src=\"https:\/\/www.groupe-ctci.fr\/de\/wp-content\/plugins\/ultimate-responsive-image-slider\/assets\/img\/loading.gif\" data-src=\"https:\/\/www.groupe-ctci.fr\/de\/wp-content\/uploads\/sites\/5\/2022\/11\/thermogeformte-einlage-fur-elektronische-teile-300x300.png\" alt=\"Thermogeformte Einlage f\u00fcr elektronische Teile\"\/>\r\n\t\t\t\t\t\t\t\t<\/div>\r\n\t\t\t\t\t\t<!-- slides thumbnails div end -->\r\n\t\t<\/div>\r\n\t\t<style>\r\n\/* Layout 3 *\/\r\n\/* border *\/\r\n\r\n\/* font + color *\/\r\n.title-in  {\r\n\tfont-family: Arial !important;\r\n\tcolor: #FFFFFF !important;\r\n\tbackground-color: #000000 !important;\r\n\topacity: 0.7 !important;\r\n}\r\n.desc-in  {\r\n\tfont-family: Arial !important;\r\n\tcolor: #FFFFFF !important;\r\n\tbackground-color: #00000 !important;\r\n\topacity: 0.7 !important;\r\n}\r\n\r\n\/* bullets color *\/\r\n.sp-button  {\r\n\tborder: 2px solid #000000 !important;\r\n}\r\n.sp-selected-button  {\r\n\tbackground-color: #000000 !important;\r\n}\r\n\r\n\/* pointer color - bottom *\/\r\n.sp-selected-thumbnail::before {\r\n\tborder-bottom: 5px solid #000000 !important;\r\n}\r\n.sp-selected-thumbnail::after {\r\n\tborder-bottom: 13px solid #000000 !important;\r\n}\r\n\r\n\/* pointer color - top *\/\r\n\r\n\/* full screen icon *\/\r\n.sp-full-screen-button::before {\r\n    color: #FFFFFF !important;\r\n}\r\n\r\n\/* hover navigation icon color *\/\r\n.sp-next-arrow::after, .sp-next-arrow::before {\r\n\tbackground-color: #FFFFFF !important;\r\n}\r\n.sp-previous-arrow::after, .sp-previous-arrow::before {\r\n\tbackground-color: #FFFFFF !important;\r\n}\r\n\r\n#slider-pro-3-2248 .title-in {\r\n\tcolor: #FFFFFF !important;\r\n\tfont-weight: bolder;\r\n\ttext-align: center;\r\n}\r\n\r\n#slider-pro-3-2248 .title-in-bg {\r\n\tbackground: rgba(255, 255, 255, 0.7); !important;\r\n\twhite-space: unset !important;\r\n\ttransform: initial !important;\r\n\t-webkit-transform: initial !important;\r\n\tfont-size: 14px !important;\r\n}\r\n\r\n#slider-pro-3-2248 .desc-in {\r\n\tcolor: #FFFFFF !important;\r\n\ttext-align: center;\r\n}\r\n#slider-pro-3-2248 .desc-in-bg {\r\n\tbackground: rgba(#00000, 0.7) !important;\r\n\twhite-space: unset !important;\r\n\ttransform: initial !important;\r\n\t-webkit-transform: initial !important;\r\n\tfont-size: 13px !important;\r\n}\r\n\r\n@media (max-width: 640px) {\r\n\t#slider-pro-3-2248 .hide-small-screen {\r\n\t\tdisplay: none;\r\n\t}\r\n}\r\n\r\n@media (max-width: 860px) {\r\n\t#slider-pro-3-2248 .sp-layer {\r\n\t\tfont-size: 18px;\r\n\t}\r\n\t\r\n\t#slider-pro-3-2248 .hide-medium-screen {\r\n\t\tdisplay: none;\r\n\t}\r\n}\r\n.slides-not-found {\r\n\tbackground-color: #a92929;\r\n\tborder-radius: 5px;\r\n\tcolor: #fff;\r\n\tfont-family: initial;\r\n\ttext-align: center;\r\n\tpadding:12px;\r\n}\r\n\/* Custom CSS *\/\r\n<\/style>\r\n[\/vc_column_text][\/vc_column][\/vc_row][vc_row][vc_column][vc_btn title=&#8220;Kontaktieren Sie uns&#8220; style=&#8220;custom&#8220; custom_background=&#8220;#0660ce&#8220; custom_text=&#8220;#ffffff&#8220; shape=&#8220;square&#8220; align=&#8220;center&#8220; link=&#8220;url:%2Fde%2Fkontakt%2F|title:Contact&#8220; el_class=&#8220;btn-contact-bleu&#8220;][\/vc_column][\/vc_row]<\/p>\n","protected":false},"excerpt":{"rendered":"<p>[vc_row][vc_column width=&#8220;1\/2&#8243;][vc_column_text] Gestern sprachen wir von thermogeformten Einweg- oder Mehrwegschalen. Heute sprechen wir von einer Verpackungs-, Handhabungs- und Transportl\u00f6sung durch Thermoformen, von der R\u00fcckgewinnung \u00fcber die<span class=\"excerpt-hellip\"> [\u2026]<\/span><\/p>\n","protected":false},"author":1,"featured_media":0,"parent":0,"menu_order":0,"comment_status":"closed","ping_status":"closed","template":"","meta":{"footnotes":""},"class_list":["post-14","page","type-page","status-publish","hentry"],"yoast_head":"<!-- This site is optimized with the Yoast SEO plugin v27.5 - https:\/\/yoast.com\/product\/yoast-seo-wordpress\/ -->\n<title>Ma\u00dfgeschneiderte Kunststoff-Thermoformung, thermogeformte Transportschale<\/title>\n<meta name=\"description\" content=\"CTCI bietet ma\u00dfgeschneiderte L\u00f6sungen f\u00fcr das Thermoformen von Kunststoffen an: Keilplatte, thermogeformter Keil, etc. Kontaktieren Sie uns!\" \/>\n<meta name=\"robots\" content=\"index, follow, max-snippet:-1, max-image-preview:large, max-video-preview:-1\" \/>\n<link rel=\"canonical\" href=\"https:\/\/www.groupe-ctci.fr\/de\/unsere-loesungen-nach-mass\/\" \/>\n<meta property=\"og:locale\" content=\"de_DE\" \/>\n<meta property=\"og:type\" content=\"article\" \/>\n<meta property=\"og:title\" content=\"Ma\u00dfgeschneiderte Kunststoff-Thermoformung, thermogeformte Transportschale\" \/>\n<meta property=\"og:description\" content=\"CTCI bietet ma\u00dfgeschneiderte L\u00f6sungen f\u00fcr das Thermoformen von Kunststoffen an: Keilplatte, thermogeformter Keil, etc. Kontaktieren Sie uns!\" \/>\n<meta property=\"og:url\" content=\"https:\/\/www.groupe-ctci.fr\/de\/unsere-loesungen-nach-mass\/\" \/>\n<meta property=\"og:site_name\" content=\"CTCI production - DE\" \/>\n<meta property=\"article:modified_time\" content=\"2023-03-28T13:41:04+00:00\" \/>\n<meta name=\"twitter:card\" content=\"summary_large_image\" \/>\n<meta name=\"twitter:label1\" content=\"Gesch\u00e4tzte Lesezeit\" \/>\n\t<meta name=\"twitter:data1\" content=\"1\u00a0Minute\" \/>\n<script type=\"application\/ld+json\" class=\"yoast-schema-graph\">{\"@context\":\"https:\\\/\\\/schema.org\",\"@graph\":[{\"@type\":\"WebPage\",\"@id\":\"https:\\\/\\\/www.groupe-ctci.fr\\\/de\\\/unsere-loesungen-nach-mass\\\/\",\"url\":\"https:\\\/\\\/www.groupe-ctci.fr\\\/de\\\/unsere-loesungen-nach-mass\\\/\",\"name\":\"Ma\u00dfgeschneiderte Kunststoff-Thermoformung, thermogeformte Transportschale\",\"isPartOf\":{\"@id\":\"https:\\\/\\\/www.groupe-ctci.fr\\\/de\\\/#website\"},\"datePublished\":\"2018-01-22T13:52:51+00:00\",\"dateModified\":\"2023-03-28T13:41:04+00:00\",\"description\":\"CTCI bietet ma\u00dfgeschneiderte L\u00f6sungen f\u00fcr das Thermoformen von Kunststoffen an: Keilplatte, thermogeformter Keil, etc. Kontaktieren Sie uns!\",\"breadcrumb\":{\"@id\":\"https:\\\/\\\/www.groupe-ctci.fr\\\/de\\\/unsere-loesungen-nach-mass\\\/#breadcrumb\"},\"inLanguage\":\"de\",\"potentialAction\":[{\"@type\":\"ReadAction\",\"target\":[\"https:\\\/\\\/www.groupe-ctci.fr\\\/de\\\/unsere-loesungen-nach-mass\\\/\"]}]},{\"@type\":\"BreadcrumbList\",\"@id\":\"https:\\\/\\\/www.groupe-ctci.fr\\\/de\\\/unsere-loesungen-nach-mass\\\/#breadcrumb\",\"itemListElement\":[{\"@type\":\"ListItem\",\"position\":1,\"name\":\"Accueil\",\"item\":\"https:\\\/\\\/www.groupe-ctci.fr\\\/de\\\/\"},{\"@type\":\"ListItem\",\"position\":2,\"name\":\"Unsere L\u00f6sungen nach Ma\u00df\"}]},{\"@type\":\"WebSite\",\"@id\":\"https:\\\/\\\/www.groupe-ctci.fr\\\/de\\\/#website\",\"url\":\"https:\\\/\\\/www.groupe-ctci.fr\\\/de\\\/\",\"name\":\"CTCI production - DE\",\"description\":\"Expert en solutions de thermoformage sur mesure\",\"potentialAction\":[{\"@type\":\"SearchAction\",\"target\":{\"@type\":\"EntryPoint\",\"urlTemplate\":\"https:\\\/\\\/www.groupe-ctci.fr\\\/de\\\/?s={search_term_string}\"},\"query-input\":{\"@type\":\"PropertyValueSpecification\",\"valueRequired\":true,\"valueName\":\"search_term_string\"}}],\"inLanguage\":\"de\"}]}<\/script>\n<!-- \/ Yoast SEO plugin. -->","yoast_head_json":{"title":"Ma\u00dfgeschneiderte Kunststoff-Thermoformung, thermogeformte Transportschale","description":"CTCI bietet ma\u00dfgeschneiderte L\u00f6sungen f\u00fcr das Thermoformen von Kunststoffen an: Keilplatte, thermogeformter Keil, etc. Kontaktieren Sie uns!","robots":{"index":"index","follow":"follow","max-snippet":"max-snippet:-1","max-image-preview":"max-image-preview:large","max-video-preview":"max-video-preview:-1"},"canonical":"https:\/\/www.groupe-ctci.fr\/de\/unsere-loesungen-nach-mass\/","og_locale":"de_DE","og_type":"article","og_title":"Ma\u00dfgeschneiderte Kunststoff-Thermoformung, thermogeformte Transportschale","og_description":"CTCI bietet ma\u00dfgeschneiderte L\u00f6sungen f\u00fcr das Thermoformen von Kunststoffen an: Keilplatte, thermogeformter Keil, etc. Kontaktieren Sie uns!","og_url":"https:\/\/www.groupe-ctci.fr\/de\/unsere-loesungen-nach-mass\/","og_site_name":"CTCI production - DE","article_modified_time":"2023-03-28T13:41:04+00:00","twitter_card":"summary_large_image","twitter_misc":{"Gesch\u00e4tzte Lesezeit":"1\u00a0Minute"},"schema":{"@context":"https:\/\/schema.org","@graph":[{"@type":"WebPage","@id":"https:\/\/www.groupe-ctci.fr\/de\/unsere-loesungen-nach-mass\/","url":"https:\/\/www.groupe-ctci.fr\/de\/unsere-loesungen-nach-mass\/","name":"Ma\u00dfgeschneiderte Kunststoff-Thermoformung, thermogeformte Transportschale","isPartOf":{"@id":"https:\/\/www.groupe-ctci.fr\/de\/#website"},"datePublished":"2018-01-22T13:52:51+00:00","dateModified":"2023-03-28T13:41:04+00:00","description":"CTCI bietet ma\u00dfgeschneiderte L\u00f6sungen f\u00fcr das Thermoformen von Kunststoffen an: Keilplatte, thermogeformter Keil, etc. Kontaktieren Sie uns!","breadcrumb":{"@id":"https:\/\/www.groupe-ctci.fr\/de\/unsere-loesungen-nach-mass\/#breadcrumb"},"inLanguage":"de","potentialAction":[{"@type":"ReadAction","target":["https:\/\/www.groupe-ctci.fr\/de\/unsere-loesungen-nach-mass\/"]}]},{"@type":"BreadcrumbList","@id":"https:\/\/www.groupe-ctci.fr\/de\/unsere-loesungen-nach-mass\/#breadcrumb","itemListElement":[{"@type":"ListItem","position":1,"name":"Accueil","item":"https:\/\/www.groupe-ctci.fr\/de\/"},{"@type":"ListItem","position":2,"name":"Unsere L\u00f6sungen nach Ma\u00df"}]},{"@type":"WebSite","@id":"https:\/\/www.groupe-ctci.fr\/de\/#website","url":"https:\/\/www.groupe-ctci.fr\/de\/","name":"CTCI production - DE","description":"Expert en solutions de thermoformage sur mesure","potentialAction":[{"@type":"SearchAction","target":{"@type":"EntryPoint","urlTemplate":"https:\/\/www.groupe-ctci.fr\/de\/?s={search_term_string}"},"query-input":{"@type":"PropertyValueSpecification","valueRequired":true,"valueName":"search_term_string"}}],"inLanguage":"de"}]}},"jetpack_sharing_enabled":true,"_links":{"self":[{"href":"https:\/\/www.groupe-ctci.fr\/de\/wp-json\/wp\/v2\/pages\/14","targetHints":{"allow":["GET"]}}],"collection":[{"href":"https:\/\/www.groupe-ctci.fr\/de\/wp-json\/wp\/v2\/pages"}],"about":[{"href":"https:\/\/www.groupe-ctci.fr\/de\/wp-json\/wp\/v2\/types\/page"}],"author":[{"embeddable":true,"href":"https:\/\/www.groupe-ctci.fr\/de\/wp-json\/wp\/v2\/users\/1"}],"replies":[{"embeddable":true,"href":"https:\/\/www.groupe-ctci.fr\/de\/wp-json\/wp\/v2\/comments?post=14"}],"version-history":[{"count":75,"href":"https:\/\/www.groupe-ctci.fr\/de\/wp-json\/wp\/v2\/pages\/14\/revisions"}],"predecessor-version":[{"id":2629,"href":"https:\/\/www.groupe-ctci.fr\/de\/wp-json\/wp\/v2\/pages\/14\/revisions\/2629"}],"wp:attachment":[{"href":"https:\/\/www.groupe-ctci.fr\/de\/wp-json\/wp\/v2\/media?parent=14"}],"curies":[{"name":"wp","href":"https:\/\/api.w.org\/{rel}","templated":true}]}}