{"id":18,"date":"2018-01-22T14:53:14","date_gmt":"2018-01-22T13:53:14","guid":{"rendered":"https:\/\/www.groupe-ctci.fr\/de\/?page_id=18"},"modified":"2023-04-19T14:20:54","modified_gmt":"2023-04-19T12:20:54","slug":"rechtliche-hinweise","status":"publish","type":"page","link":"https:\/\/www.groupe-ctci.fr\/de\/rechtliche-hinweise\/","title":{"rendered":"Mentions l\u00e9gales"},"content":{"rendered":"<p>[vc_row][vc_column][vc_column_text]<\/p>\n<h2>1. Verantwortlicher Redakteur und Webmaster<\/h2>\n<p><strong>David Leleu<\/strong><\/p>\n<h2>2. F\u00fcr alle Informationsanfragen<\/h2>\n<p><strong>CTCI<\/strong><br \/>\n1 Rue de l\u2019Artisanat 67440 Singrist \u2013 Frankreich Telefon:\u00a0<a class=\"color\" href=\"tel:33388714949\">+33(0)3 88 71 49 49<\/a><\/p>\n<p>Grundkapital: 207 790 \u20ac<br \/>\nSIRET-Nummer: 378 524 00014<br \/>\nUSt.-Nummer: FR16378524524<\/p>\n<h2>3. Erstellung und Hosting der Website<\/h2>\n<p>In \u00dcbereinstimmung mit den geltenden Gesetzen informieren wir Sie hiermit, dass:<\/p>\n<ul>\n<li>Dieser Internetdienst wurde von der Firma <a href=\"https:\/\/www.d2bconsulting.fr\" rel=\"nofollow\">D2B Consulting<\/a> mit Sitz in 3 rue Louis Gattefoss\u00e9 &#8211; 69800 St Priest erstellt,<\/li>\n<li>Dieser Internetdienst wird von der Firma Infomaniak gehostet, deren Hauptsitz sich in Les Acacias, Genf, Schweiz, befindet. Postanschrift: Infomaniak Network SA &#8211; Rue Eug\u00e8ne Marziano 25 &#8211; 1227 Les Acacias (GE)<\/li>\n<\/ul>\n<p><a href=\"https:\/\/www.d2bconsulting.fr\/referencement-naturel-de-site-internet-a-lyon\/\" rel=\"nofollow\">Nat\u00fcrliche Referenzierung der Website durch D2b Consulting<\/a>, 3 Rue Gattefoss\u00e9 \u2013 69800 St Priest.<\/p>\n<h2>4. Datenschutz<\/h2>\n<p>Als Nutzer haben Sie das Recht, Ihren Beitrag zu dieser Website einzusehen, zu \u00e4ndern und zu l\u00f6schen. Senden Sie zu diesem Zweck bitte ein entsprechendes Schreiben an die oben angegebene Adresse. Wenn Sie es w\u00fcnschen, k\u00f6nnen Sie Ihre Rechte auch direkt per E-Mail wahrnehmen. Senden Sie uns dazu bitte Ihre Anfrage \u00fcber\u00a0<a class=\"scroll\" href=\"https:\/\/www.groupe-ctci.fr\/de\/mentions-legales\/#contact\">unser Kontaktformular<\/a>. Abschlie\u00dfend weisen wir darauf hin, dass die von den Benutzern \u00fcber das Online-Formular mitgeteilten pers\u00f6nlichen Daten ausschlie\u00dflich f\u00fcr die Verwendung durch CTCI bestimmt sind.<br \/>\nCTCI weist darauf hin, dass die Antworten der Benutzer optional sind und dass ein diesbez\u00fcglicher Fehler keine Folgen hat. Die Antworten m\u00fcssen jedoch ausreichend sein, damit wir die Informationen verarbeiten und den Benutzern angemessene und zufriedenstellende Antworten geben k\u00f6nnen. Fotos dienen lediglich zur Information und sind vertraglich nicht bindend.<\/p>\n<h2>5. F\u00e4lschungen<\/h2>\n<p>Jegliche Reproduktion oder Darstellung dieses Dienstes (Inhalte, Seiten, Skripte, etc.) ist ganz oder teilweise ungeachtet des gegenw\u00e4rtigen oder zuk\u00fcnftigen Tr\u00e4germediums strengstens untersagt. Die Nichtbeachtung dieses Verbots stellt einen Versto\u00df dar, der die zivil- und strafrechtliche Haftung des F\u00e4lschers zur Folge haben kann. Die in diesem Dienst enthaltenen Informationen sind vertraglich nicht bindend und k\u00f6nnen ohne vorherige Ank\u00fcndigung ge\u00e4ndert werden. Dar\u00fcber hinaus k\u00f6nnen einige der auf dieser Website dargestellten Marken rechtm\u00e4\u00dfig beim INPI (frz. nationales Institut f\u00fcr den Schutz des geistigen Eigentums) registriert sein; daher sind alle Rechte der Reproduktion oder Darstellung auf jedem Tr\u00e4germedium, selbst wenn diese noch nicht bestehen, f\u00fcr alle L\u00e4nder vorbehalten.<\/p>\n<h2>6. Cookies<\/h2>\n<p>Beim Besuch dieser Website werden Cookies auf Ihrem Computer, Tablet oder Mobiltelefon hinterlegt. Sie sind f\u00fcr die Publikumsmessung gedacht und erfassen keine personenbezogenen Daten.<br \/>\nDie Einstellungen f\u00fcr alle Dienste k\u00f6nnen im\u00a0<a title=\"Cookie-Management-Bereich\" href=\"https:\/\/www.groupe-ctci.fr\/de\/mentions-legales\/#cookies\">Cookie-Management-Bereich<\/a>\u00a0ge\u00e4ndert werden.<\/p>\n<h2>7. Zug\u00e4nglichkeit<\/h2>\n<p>Die Website ist mit standardkonformen Browsern kompatibel. Getestet unter: Internet Explorer 9, 10 und 11, Microsoft Edge, Firefox, Safari und Google Chrome.<\/p>\n<h2>8. Bildnachweis<\/h2>\n<p>\u00a9 CTCI<\/p>\n<p><em>Last Update: 30.01.2023<\/em>[\/vc_column_text][\/vc_column][\/vc_row]<\/p>\n","protected":false},"excerpt":{"rendered":"<p>[vc_row][vc_column][vc_column_text] 1. Verantwortlicher Redakteur und Webmaster David Leleu 2. F\u00fcr alle Informationsanfragen CTCI 1 Rue de l\u2019Artisanat 67440 Singrist \u2013 Frankreich Telefon:\u00a0+33(0)3 88 71 49 49<span class=\"excerpt-hellip\"> [\u2026]<\/span><\/p>\n","protected":false},"author":1,"featured_media":0,"parent":0,"menu_order":0,"comment_status":"closed","ping_status":"closed","template":"","meta":{"footnotes":""},"class_list":["post-18","page","type-page","status-publish","hentry"],"yoast_head":"<!-- This site is optimized with the Yoast SEO plugin v27.4 - https:\/\/yoast.com\/product\/yoast-seo-wordpress\/ -->\n<title>Rechtliche Hinweise<\/title>\n<meta name=\"description\" content=\"Die CTCI-Gruppe stellt geformte Kunststoffschalen f\u00fcr Industrieteile und F\u00f6rdertechnik her. Lesen Sie unseren Rechtshinweis und kontaktieren Sie uns, wenn Sie Fragen haben.\" \/>\n<meta name=\"robots\" content=\"index, follow, max-snippet:-1, max-image-preview:large, max-video-preview:-1\" \/>\n<link rel=\"canonical\" href=\"https:\/\/www.groupe-ctci.fr\/de\/rechtliche-hinweise\/\" \/>\n<meta property=\"og:locale\" content=\"de_DE\" \/>\n<meta property=\"og:type\" content=\"article\" \/>\n<meta property=\"og:title\" content=\"Rechtliche Hinweise\" \/>\n<meta property=\"og:description\" content=\"Die CTCI-Gruppe stellt geformte Kunststoffschalen f\u00fcr Industrieteile und F\u00f6rdertechnik her. Lesen Sie unseren Rechtshinweis und kontaktieren Sie uns, wenn Sie Fragen haben.\" \/>\n<meta property=\"og:url\" content=\"https:\/\/www.groupe-ctci.fr\/de\/rechtliche-hinweise\/\" \/>\n<meta property=\"og:site_name\" content=\"CTCI production - DE\" \/>\n<meta property=\"article:modified_time\" content=\"2023-04-19T12:20:54+00:00\" \/>\n<meta name=\"twitter:card\" content=\"summary_large_image\" \/>\n<meta name=\"twitter:label1\" content=\"Gesch\u00e4tzte Lesezeit\" \/>\n\t<meta name=\"twitter:data1\" content=\"3\u00a0Minuten\" \/>\n<script type=\"application\/ld+json\" class=\"yoast-schema-graph\">{\"@context\":\"https:\\\/\\\/schema.org\",\"@graph\":[{\"@type\":\"WebPage\",\"@id\":\"https:\\\/\\\/www.groupe-ctci.fr\\\/de\\\/rechtliche-hinweise\\\/\",\"url\":\"https:\\\/\\\/www.groupe-ctci.fr\\\/de\\\/rechtliche-hinweise\\\/\",\"name\":\"Rechtliche Hinweise\",\"isPartOf\":{\"@id\":\"https:\\\/\\\/www.groupe-ctci.fr\\\/de\\\/#website\"},\"datePublished\":\"2018-01-22T13:53:14+00:00\",\"dateModified\":\"2023-04-19T12:20:54+00:00\",\"description\":\"Die CTCI-Gruppe stellt geformte Kunststoffschalen f\u00fcr Industrieteile und F\u00f6rdertechnik her. Lesen Sie unseren Rechtshinweis und kontaktieren Sie uns, wenn Sie Fragen haben.\",\"breadcrumb\":{\"@id\":\"https:\\\/\\\/www.groupe-ctci.fr\\\/de\\\/rechtliche-hinweise\\\/#breadcrumb\"},\"inLanguage\":\"de\",\"potentialAction\":[{\"@type\":\"ReadAction\",\"target\":[\"https:\\\/\\\/www.groupe-ctci.fr\\\/de\\\/rechtliche-hinweise\\\/\"]}]},{\"@type\":\"BreadcrumbList\",\"@id\":\"https:\\\/\\\/www.groupe-ctci.fr\\\/de\\\/rechtliche-hinweise\\\/#breadcrumb\",\"itemListElement\":[{\"@type\":\"ListItem\",\"position\":1,\"name\":\"Accueil\",\"item\":\"https:\\\/\\\/www.groupe-ctci.fr\\\/de\\\/\"},{\"@type\":\"ListItem\",\"position\":2,\"name\":\"Mentions l\u00e9gales\"}]},{\"@type\":\"WebSite\",\"@id\":\"https:\\\/\\\/www.groupe-ctci.fr\\\/de\\\/#website\",\"url\":\"https:\\\/\\\/www.groupe-ctci.fr\\\/de\\\/\",\"name\":\"CTCI production - DE\",\"description\":\"Expert en solutions de thermoformage sur mesure\",\"potentialAction\":[{\"@type\":\"SearchAction\",\"target\":{\"@type\":\"EntryPoint\",\"urlTemplate\":\"https:\\\/\\\/www.groupe-ctci.fr\\\/de\\\/?s={search_term_string}\"},\"query-input\":{\"@type\":\"PropertyValueSpecification\",\"valueRequired\":true,\"valueName\":\"search_term_string\"}}],\"inLanguage\":\"de\"}]}<\/script>\n<!-- \/ Yoast SEO plugin. -->","yoast_head_json":{"title":"Rechtliche Hinweise","description":"Die CTCI-Gruppe stellt geformte Kunststoffschalen f\u00fcr Industrieteile und F\u00f6rdertechnik her. Lesen Sie unseren Rechtshinweis und kontaktieren Sie uns, wenn Sie Fragen haben.","robots":{"index":"index","follow":"follow","max-snippet":"max-snippet:-1","max-image-preview":"max-image-preview:large","max-video-preview":"max-video-preview:-1"},"canonical":"https:\/\/www.groupe-ctci.fr\/de\/rechtliche-hinweise\/","og_locale":"de_DE","og_type":"article","og_title":"Rechtliche Hinweise","og_description":"Die CTCI-Gruppe stellt geformte Kunststoffschalen f\u00fcr Industrieteile und F\u00f6rdertechnik her. Lesen Sie unseren Rechtshinweis und kontaktieren Sie uns, wenn Sie Fragen haben.","og_url":"https:\/\/www.groupe-ctci.fr\/de\/rechtliche-hinweise\/","og_site_name":"CTCI production - DE","article_modified_time":"2023-04-19T12:20:54+00:00","twitter_card":"summary_large_image","twitter_misc":{"Gesch\u00e4tzte Lesezeit":"3\u00a0Minuten"},"schema":{"@context":"https:\/\/schema.org","@graph":[{"@type":"WebPage","@id":"https:\/\/www.groupe-ctci.fr\/de\/rechtliche-hinweise\/","url":"https:\/\/www.groupe-ctci.fr\/de\/rechtliche-hinweise\/","name":"Rechtliche Hinweise","isPartOf":{"@id":"https:\/\/www.groupe-ctci.fr\/de\/#website"},"datePublished":"2018-01-22T13:53:14+00:00","dateModified":"2023-04-19T12:20:54+00:00","description":"Die CTCI-Gruppe stellt geformte Kunststoffschalen f\u00fcr Industrieteile und F\u00f6rdertechnik her. Lesen Sie unseren Rechtshinweis und kontaktieren Sie uns, wenn Sie Fragen haben.","breadcrumb":{"@id":"https:\/\/www.groupe-ctci.fr\/de\/rechtliche-hinweise\/#breadcrumb"},"inLanguage":"de","potentialAction":[{"@type":"ReadAction","target":["https:\/\/www.groupe-ctci.fr\/de\/rechtliche-hinweise\/"]}]},{"@type":"BreadcrumbList","@id":"https:\/\/www.groupe-ctci.fr\/de\/rechtliche-hinweise\/#breadcrumb","itemListElement":[{"@type":"ListItem","position":1,"name":"Accueil","item":"https:\/\/www.groupe-ctci.fr\/de\/"},{"@type":"ListItem","position":2,"name":"Mentions l\u00e9gales"}]},{"@type":"WebSite","@id":"https:\/\/www.groupe-ctci.fr\/de\/#website","url":"https:\/\/www.groupe-ctci.fr\/de\/","name":"CTCI production - DE","description":"Expert en solutions de thermoformage sur mesure","potentialAction":[{"@type":"SearchAction","target":{"@type":"EntryPoint","urlTemplate":"https:\/\/www.groupe-ctci.fr\/de\/?s={search_term_string}"},"query-input":{"@type":"PropertyValueSpecification","valueRequired":true,"valueName":"search_term_string"}}],"inLanguage":"de"}]}},"jetpack_sharing_enabled":true,"_links":{"self":[{"href":"https:\/\/www.groupe-ctci.fr\/de\/wp-json\/wp\/v2\/pages\/18","targetHints":{"allow":["GET"]}}],"collection":[{"href":"https:\/\/www.groupe-ctci.fr\/de\/wp-json\/wp\/v2\/pages"}],"about":[{"href":"https:\/\/www.groupe-ctci.fr\/de\/wp-json\/wp\/v2\/types\/page"}],"author":[{"embeddable":true,"href":"https:\/\/www.groupe-ctci.fr\/de\/wp-json\/wp\/v2\/users\/1"}],"replies":[{"embeddable":true,"href":"https:\/\/www.groupe-ctci.fr\/de\/wp-json\/wp\/v2\/comments?post=18"}],"version-history":[{"count":34,"href":"https:\/\/www.groupe-ctci.fr\/de\/wp-json\/wp\/v2\/pages\/18\/revisions"}],"predecessor-version":[{"id":2632,"href":"https:\/\/www.groupe-ctci.fr\/de\/wp-json\/wp\/v2\/pages\/18\/revisions\/2632"}],"wp:attachment":[{"href":"https:\/\/www.groupe-ctci.fr\/de\/wp-json\/wp\/v2\/media?parent=18"}],"curies":[{"name":"wp","href":"https:\/\/api.w.org\/{rel}","templated":true}]}}