{"id":1987,"date":"2022-08-29T14:55:41","date_gmt":"2022-08-29T12:55:41","guid":{"rendered":"https:\/\/www.groupe-ctci.fr\/de\/?page_id=1987"},"modified":"2023-03-23T14:47:18","modified_gmt":"2023-03-23T13:47:18","slug":"genialitaet-tiefgezogenes-teil","status":"publish","type":"page","link":"https:\/\/www.groupe-ctci.fr\/de\/genialitaet-tiefgezogenes-teil\/","title":{"rendered":"Ing\u00e9niosit\u00e9"},"content":{"rendered":"<p>[vc_row][vc_column][vc_single_image image=&#8220;2271&#8243; img_size=&#8220;medium&#8220; alignment=&#8220;center&#8220;][\/vc_column][\/vc_row][vc_row content_placement=&#8220;middle&#8220;][vc_column][vc_column_text el_class=&#8220;titre-tres-grand fond-titre fond-bleu petit-bleu&#8220;]<\/p>\n<h2>Der Standort in St. Aubin Sur Gaillon ist auf die Herstellung von Verpackungsl\u00f6sungen oder <a href=\"http:\/\/www.groupe-ctci.fr\/nos-produits\/calage-et-protection\/\">kundenspezifischen Tiefziehteilen<\/a> f\u00fcr verschiedene T\u00e4tigkeitsbereiche (Industrie, Lebensmittel, Automobil, Kosmetik &#8230;) spezialisiert.<\/h2>\n<p>[\/vc_column_text][\/vc_column][\/vc_row][vc_row][vc_column width=&#8220;1\/2&#8243;][vc_column_text]<strong>\u00a0<\/strong>EPH konzipiert und produziert<strong> 100% angepasste und optimierte L\u00f6sungen<\/strong> f\u00fcr die <strong>Verpackung<\/strong>, <strong>Handhabung<\/strong> und <strong>den Transport<\/strong> Ihrer Produkte.<\/p>\n<p>Die <a href=\"http:\/\/www.groupe-ctci.fr\/nos-produits\/calage-et-protection\/\"><strong>Tiefziehteile<\/strong><\/a> k\u00f6nnen ein Format von 1250 mm X 1450 mm mit einer Dicke von 150 Mikron bis 12 Millimetern erreichen, sowohl f\u00fcr kleine, mittlere als auch f\u00fcr gro\u00dfe Serien.<\/p>\n<p>Dank seiner Engineering-Teams und seines leistungsstarken Maschinenparks an der Spitze der Innovation bietet EPH ein <strong>komplettes Sortiment an tiefgezogenen Verpackungen<\/strong>, von einer Schutzkappe bis hin zu Schalen mit einer Tiefe von bis zu 600 mm<strong>.<\/strong><\/p>\n<p>Was auch immer Ihre Anforderungen sind, ob<strong> f\u00fcr den manuellen Gebrauch<\/strong> oder f\u00fcr die Automatisierung Ihrer Linien, EPH erf\u00fcllt Ihre Anforderungen und garantiert gleichzeitig die R\u00fcckverfolgbarkeit Ihrer Verpackungen.<\/p>\n<p>EPH bietet auch erg\u00e4nzende Dienstleistungen wie die Verwaltung Ihrer <strong>Verpackungskreisl\u00e4ufe durch Entstauben und Sortieren gebrauchter thermogeformter Schalen<\/strong>.[\/vc_column_text]\n\t\t\t<!-- START btn nous contacter REVOLUTION SLIDER 6.5.21 --><p class=\"rs-p-wp-fix\"><\/p>\n\t\t\t<rs-module-wrap id=\"rev_slider_7_1_wrapper\" data-source=\"gallery\" style=\"visibility:hidden;background:transparent;padding:0;margin:0px auto;margin-top:0;margin-bottom:0;\">\n\t\t\t\t<rs-module id=\"rev_slider_7_1\" style=\"\" data-version=\"6.5.21\">\n\t\t\t\t\t<rs-slides>\n\t\t\t\t\t\t<rs-slide style=\"position: absolute;\" data-key=\"rs-9\" data-title=\"Slide\" data-in=\"o:0;\" data-out=\"a:false;\">\n\t\t\t\t\t\t\t<img decoding=\"async\" src=\"\/\/www.groupe-ctci.fr\/de\/wp-content\/plugins\/revslider\/public\/assets\/assets\/dummy.png\" alt=\"Slide\" title=\"Ing\u00e9niosit\u00e9\" class=\"rev-slidebg tp-rs-img rs-lazyload\" data-lazyload=\"\/\/www.groupe-ctci.fr\/de\/wp-content\/plugins\/revslider\/public\/assets\/assets\/transparent.png\" data-no-retina>\n<!--\n\t\t\t\t\t\t\t--><a\n\t\t\t\t\t\t\t\tid=\"slider-7-slide-9-layer-0\" \n\t\t\t\t\t\t\t\tclass=\"rs-layer rev-btn\"\n\t\t\t\t\t\t\t\thref=\"\/de\/kontakt\/\" target=\"_self\"\n\t\t\t\t\t\t\t\tdata-type=\"button\"\n\t\t\t\t\t\t\t\tdata-color=\"#ffffff\"\n\t\t\t\t\t\t\t\tdata-rsp_ch=\"on\"\n\t\t\t\t\t\t\t\tdata-xy=\"x:c;y:c;yo:-1px;\"\n\t\t\t\t\t\t\t\tdata-text=\"w:normal;s:13;l:40;fw:500;a:center;\"\n\t\t\t\t\t\t\t\tdata-dim=\"w:242px;h:40px;minh:0px;\"\n\t\t\t\t\t\t\t\tdata-padding=\"r:50;l:50;\"\n\t\t\t\t\t\t\t\tdata-border=\"bor:3px,3px,3px,3px;\"\n\t\t\t\t\t\t\t\tdata-frame_999=\"o:0;st:w;\"\n\t\t\t\t\t\t\t\tdata-frame_hover=\"c:#000;bgc:#73ceb6;bor:3px,3px,3px,3px;sp:100;e:power1.inOut;bri:120%;\"\n\t\t\t\t\t\t\t\tstyle=\"z-index:5;background-color:#0660ce;font-family:'Montserrat';\"\n\t\t\t\t\t\t\t>Kontaktieren Sie uns  \n\t\t\t\t\t\t\t<\/a><!--\n-->\t\t\t\t\t\t<\/rs-slide>\n\t\t\t\t\t<\/rs-slides>\n\t\t\t\t<\/rs-module>\n\t\t\t\t<script>\n\t\t\t\t\tsetREVStartSize({c: 'rev_slider_7_1',rl:[2400,1240,1200,480],el:[50],gw:[210],gh:[50],type:'standard',justify:'',layout:'fullwidth',mh:\"0\"});if (window.RS_MODULES!==undefined && window.RS_MODULES.modules!==undefined && window.RS_MODULES.modules[\"revslider71\"]!==undefined) {window.RS_MODULES.modules[\"revslider71\"].once = false;window.revapi7 = undefined;if (window.RS_MODULES.checkMinimal!==undefined) window.RS_MODULES.checkMinimal()}\n\t\t\t\t<\/script>\n\t\t\t<\/rs-module-wrap>\n\t\t\t<!-- END REVOLUTION SLIDER -->\n[\/vc_column][vc_column width=&#8220;1\/2&#8243; el_class=&#8220;forme-fond-carrousel&#8220;][vc_column_text]<script type=\"text\/javascript\">\r\ndocument.addEventListener(\"DOMContentLoaded\", function(event) { \r\n\tjQuery( '#slider-pro-3-2278' ).sliderPro({\r\n\t\t\/\/width\r\n\t\t\t\twidth: 600,\r\n\t\t\t\t\r\n\t\t\/\/height\r\n\t\t\t\theight: 400,\r\n\t\t\t\t\r\n\t\t\/\/auto play\r\n\t\t\t\tautoplay:  true,\r\n\t\tautoplayOnHover: 'none',\r\n\t\t\t\t\t\t\t\tautoplayDelay: 5000,\r\n\t\t\r\n\t\t\r\n\t\tarrows: false,\r\n\t\tbuttons: true,\r\n\t\tsmallSize: 500,\r\n\t\tmediumSize: 1000,\r\n\t\tlargeSize: 3000,\r\n\t\tfade: true,\r\n\t\t\r\n\t\t\/\/thumbnail\r\n\t\tthumbnailArrows: true,\r\n\t\tthumbnailWidth: 100,\r\n\t\tthumbnailHeight: 100,\r\n\t\t\t\t\t\tthumbnailsPosition: 'bottom',\r\n\t\t\t\t\t\tthumbnailPointer: true, \r\n\t\t\t\tcenterImage: true,\r\n\t\timageScaleMode: 'cover',\r\n\t\tallowScaleUp: true,\r\n\t\t\t\tstartSlide: 0,\r\n\t\tloop: true,\r\n\t\tslideDistance: 5,\r\n\t\tautoplayDirection: 'normal',\r\n\t\ttouchSwipe: true,\r\n\t\tfullScreen: true,\r\n\t});\r\n});\r\n<\/script>\r\n\r\n\t\t<div id=\"slider-pro-3-2278\" class=\"slider-pro\">\r\n\t\t\t<!---- slides div start ---->\r\n\t\t\t<div class=\"sp-slides\">\r\n\t\t\t\t\t\t\t\t\t\t<div class=\"sp-slide\">\r\n\t\t\t\t\t\t\t<img decoding=\"async\" class=\"sp-image\" loading=\"lazy\" alt=\"R\u00fcckverfolgbarkeit Tiefgezogene Schale Kunststoff\" src=\"https:\/\/www.groupe-ctci.fr\/de\/wp-content\/plugins\/ultimate-responsive-image-slider\/assets\/css\/images\/blank.gif\" data-src=\"https:\/\/www.groupe-ctci.fr\/de\/wp-content\/uploads\/sites\/5\/2022\/11\/ruckverfolgbarkeit-tiefgezogene-schale-kunststoff.png\" \/>\r\n\r\n\t\t\t\t\t\t\t\r\n\t\t\t\t\t\t\t\t\t\t\t\t\t<\/div>\r\n\t\t\t\t\t\t\t\t\t\t\t\t<div class=\"sp-slide\">\r\n\t\t\t\t\t\t\t<img decoding=\"async\" class=\"sp-image\" loading=\"lazy\" alt=\"20171018-0522\" src=\"https:\/\/www.groupe-ctci.fr\/de\/wp-content\/plugins\/ultimate-responsive-image-slider\/assets\/css\/images\/blank.gif\" data-src=\"https:\/\/www.groupe-ctci.fr\/de\/wp-content\/uploads\/sites\/5\/2018\/04\/20171018-0522-e1522858953399.jpg\" \/>\r\n\r\n\t\t\t\t\t\t\t\r\n\t\t\t\t\t\t\t\t\t\t\t\t\t<\/div>\r\n\t\t\t\t\t\t\t\t\t\t\t\t<div class=\"sp-slide\">\r\n\t\t\t\t\t\t\t<img decoding=\"async\" class=\"sp-image\" loading=\"lazy\" alt=\"plateau thermform\u00e9 antistatique\" src=\"https:\/\/www.groupe-ctci.fr\/de\/wp-content\/plugins\/ultimate-responsive-image-slider\/assets\/css\/images\/blank.gif\" data-src=\"https:\/\/www.groupe-ctci.fr\/de\/wp-content\/uploads\/sites\/5\/2018\/01\/plateau-thermforme-antistatique.jpg\" \/>\r\n\r\n\t\t\t\t\t\t\t\r\n\t\t\t\t\t\t\t\t\t\t\t\t\t<\/div>\r\n\t\t\t\t\t\t\t\t\t\t\t\t<div class=\"sp-slide\">\r\n\t\t\t\t\t\t\t<img decoding=\"async\" class=\"sp-image\" loading=\"lazy\" alt=\"eph-6\" src=\"https:\/\/www.groupe-ctci.fr\/de\/wp-content\/plugins\/ultimate-responsive-image-slider\/assets\/css\/images\/blank.gif\" data-src=\"https:\/\/www.groupe-ctci.fr\/de\/wp-content\/uploads\/sites\/5\/2018\/01\/eph-6.jpg\" \/>\r\n\r\n\t\t\t\t\t\t\t\r\n\t\t\t\t\t\t\t\t\t\t\t\t\t<\/div>\r\n\t\t\t\t\t\t\t\t\t<\/div>\r\n\t\t\t\r\n\t\t\t<!---- slides div end ---->\r\n\t\t\t\t\t\t<!-- slides thumbnails div start -->\r\n\t\t\t<div class=\"sp-thumbnails\">\r\n\t\t\t\t\t\t\t\t\t\t<img decoding=\"async\" class=\"sp-thumbnail\" loading=\"lazy\" src=\"https:\/\/www.groupe-ctci.fr\/de\/wp-content\/plugins\/ultimate-responsive-image-slider\/assets\/img\/loading.gif\" data-src=\"https:\/\/www.groupe-ctci.fr\/de\/wp-content\/uploads\/sites\/5\/2022\/11\/ruckverfolgbarkeit-tiefgezogene-schale-kunststoff-300x200.png\" alt=\"R\u00fcckverfolgbarkeit Tiefgezogene Schale Kunststoff\"\/>\r\n\t\t\t\t\t\t\t\t\t\t\t<img decoding=\"async\" class=\"sp-thumbnail\" loading=\"lazy\" src=\"https:\/\/www.groupe-ctci.fr\/de\/wp-content\/plugins\/ultimate-responsive-image-slider\/assets\/img\/loading.gif\" data-src=\"https:\/\/www.groupe-ctci.fr\/de\/wp-content\/uploads\/sites\/5\/2018\/04\/20171018-0522-300x200.jpg\" alt=\"20171018-0522\"\/>\r\n\t\t\t\t\t\t\t\t\t\t\t<img decoding=\"async\" class=\"sp-thumbnail\" loading=\"lazy\" src=\"https:\/\/www.groupe-ctci.fr\/de\/wp-content\/plugins\/ultimate-responsive-image-slider\/assets\/img\/loading.gif\" data-src=\"https:\/\/www.groupe-ctci.fr\/de\/wp-content\/uploads\/sites\/5\/2018\/01\/plateau-thermforme-antistatique-300x300.jpg\" alt=\"plateau thermform\u00e9 antistatique\"\/>\r\n\t\t\t\t\t\t\t\t\t\t\t<img decoding=\"async\" class=\"sp-thumbnail\" loading=\"lazy\" src=\"https:\/\/www.groupe-ctci.fr\/de\/wp-content\/plugins\/ultimate-responsive-image-slider\/assets\/img\/loading.gif\" data-src=\"https:\/\/www.groupe-ctci.fr\/de\/wp-content\/uploads\/sites\/5\/2018\/01\/eph-6-300x300.jpg\" alt=\"eph-6\"\/>\r\n\t\t\t\t\t\t\t\t<\/div>\r\n\t\t\t\t\t\t<!-- slides thumbnails div end -->\r\n\t\t<\/div>\r\n\t\t<style>\r\n\/* Layout 3 *\/\r\n\/* border *\/\r\n\r\n\/* font + color *\/\r\n.title-in  {\r\n\tfont-family: Arial !important;\r\n\tcolor: #FFFFFF !important;\r\n\tbackground-color: #000000 !important;\r\n\topacity: 0.7 !important;\r\n}\r\n.desc-in  {\r\n\tfont-family: Arial !important;\r\n\tcolor: #FFFFFF !important;\r\n\tbackground-color: #00000 !important;\r\n\topacity: 0.7 !important;\r\n}\r\n\r\n\/* bullets color *\/\r\n.sp-button  {\r\n\tborder: 2px solid #000000 !important;\r\n}\r\n.sp-selected-button  {\r\n\tbackground-color: #000000 !important;\r\n}\r\n\r\n\/* pointer color - bottom *\/\r\n.sp-selected-thumbnail::before {\r\n\tborder-bottom: 5px solid #000000 !important;\r\n}\r\n.sp-selected-thumbnail::after {\r\n\tborder-bottom: 13px solid #000000 !important;\r\n}\r\n\r\n\/* pointer color - top *\/\r\n\r\n\/* full screen icon *\/\r\n.sp-full-screen-button::before {\r\n    color: #FFFFFF !important;\r\n}\r\n\r\n\/* hover navigation icon color *\/\r\n.sp-next-arrow::after, .sp-next-arrow::before {\r\n\tbackground-color: #FFFFFF !important;\r\n}\r\n.sp-previous-arrow::after, .sp-previous-arrow::before {\r\n\tbackground-color: #FFFFFF !important;\r\n}\r\n\r\n#slider-pro-3-2278 .title-in {\r\n\tcolor: #FFFFFF !important;\r\n\tfont-weight: bolder;\r\n\ttext-align: center;\r\n}\r\n\r\n#slider-pro-3-2278 .title-in-bg {\r\n\tbackground: rgba(255, 255, 255, 0.7); !important;\r\n\twhite-space: unset !important;\r\n\ttransform: initial !important;\r\n\t-webkit-transform: initial !important;\r\n\tfont-size: 14px !important;\r\n}\r\n\r\n#slider-pro-3-2278 .desc-in {\r\n\tcolor: #FFFFFF !important;\r\n\ttext-align: center;\r\n}\r\n#slider-pro-3-2278 .desc-in-bg {\r\n\tbackground: rgba(#00000, 0.7) !important;\r\n\twhite-space: unset !important;\r\n\ttransform: initial !important;\r\n\t-webkit-transform: initial !important;\r\n\tfont-size: 13px !important;\r\n}\r\n\r\n@media (max-width: 640px) {\r\n\t#slider-pro-3-2278 .hide-small-screen {\r\n\t\tdisplay: none;\r\n\t}\r\n}\r\n\r\n@media (max-width: 860px) {\r\n\t#slider-pro-3-2278 .sp-layer {\r\n\t\tfont-size: 18px;\r\n\t}\r\n\t\r\n\t#slider-pro-3-2278 .hide-medium-screen {\r\n\t\tdisplay: none;\r\n\t}\r\n}\r\n.slides-not-found {\r\n\tbackground-color: #a92929;\r\n\tborder-radius: 5px;\r\n\tcolor: #fff;\r\n\tfont-family: initial;\r\n\ttext-align: center;\r\n\tpadding:12px;\r\n}\r\n\/* Custom CSS *\/\r\n<\/style>\r\n[\/vc_column_text][\/vc_column][\/vc_row]<\/p>\n","protected":false},"excerpt":{"rendered":"<p>[vc_row][vc_column][vc_single_image image=&#8220;2271&#8243; img_size=&#8220;medium&#8220; alignment=&#8220;center&#8220;][\/vc_column][\/vc_row][vc_row content_placement=&#8220;middle&#8220;][vc_column][vc_column_text el_class=&#8220;titre-tres-grand fond-titre fond-bleu petit-bleu&#8220;] Der Standort in St. Aubin Sur Gaillon ist auf die Herstellung von Verpackungsl\u00f6sungen oder kundenspezifischen Tiefziehteilen f\u00fcr<span class=\"excerpt-hellip\"> [\u2026]<\/span><\/p>\n","protected":false},"author":4,"featured_media":0,"parent":0,"menu_order":0,"comment_status":"closed","ping_status":"closed","template":"","meta":{"footnotes":""},"class_list":["post-1987","page","type-page","status-publish","hentry"],"yoast_head":"<!-- This site is optimized with the Yoast SEO plugin v27.4 - https:\/\/yoast.com\/product\/yoast-seo-wordpress\/ -->\n<title>Thermoformen von Verpackungs- und Schutzprodukten, Tray Handling<\/title>\n<meta name=\"description\" content=\"CTCI, ist ein Hersteller, der sich auf thermogeformte Verpackungs- und Schutzprodukte spezialisiert hat. Kontaktieren Sie uns, um mehr zu erfahren!\" \/>\n<meta name=\"robots\" content=\"index, follow, max-snippet:-1, max-image-preview:large, max-video-preview:-1\" \/>\n<link rel=\"canonical\" href=\"https:\/\/www.groupe-ctci.fr\/de\/genialitaet-tiefgezogenes-teil\/\" \/>\n<meta property=\"og:locale\" content=\"de_DE\" \/>\n<meta property=\"og:type\" content=\"article\" \/>\n<meta property=\"og:title\" content=\"Thermoformen von Verpackungs- und Schutzprodukten, Tray Handling\" \/>\n<meta property=\"og:description\" content=\"CTCI, ist ein Hersteller, der sich auf thermogeformte Verpackungs- und Schutzprodukte spezialisiert hat. Kontaktieren Sie uns, um mehr zu erfahren!\" \/>\n<meta property=\"og:url\" content=\"https:\/\/www.groupe-ctci.fr\/de\/genialitaet-tiefgezogenes-teil\/\" \/>\n<meta property=\"og:site_name\" content=\"CTCI production - DE\" \/>\n<meta property=\"article:modified_time\" content=\"2023-03-23T13:47:18+00:00\" \/>\n<meta name=\"twitter:card\" content=\"summary_large_image\" \/>\n<meta name=\"twitter:label1\" content=\"Gesch\u00e4tzte Lesezeit\" \/>\n\t<meta name=\"twitter:data1\" content=\"1\u00a0Minute\" \/>\n<script type=\"application\/ld+json\" class=\"yoast-schema-graph\">{\"@context\":\"https:\\\/\\\/schema.org\",\"@graph\":[{\"@type\":\"WebPage\",\"@id\":\"https:\\\/\\\/www.groupe-ctci.fr\\\/de\\\/genialitaet-tiefgezogenes-teil\\\/\",\"url\":\"https:\\\/\\\/www.groupe-ctci.fr\\\/de\\\/genialitaet-tiefgezogenes-teil\\\/\",\"name\":\"Thermoformen von Verpackungs- und Schutzprodukten, Tray Handling\",\"isPartOf\":{\"@id\":\"https:\\\/\\\/www.groupe-ctci.fr\\\/de\\\/#website\"},\"datePublished\":\"2022-08-29T12:55:41+00:00\",\"dateModified\":\"2023-03-23T13:47:18+00:00\",\"description\":\"CTCI, ist ein Hersteller, der sich auf thermogeformte Verpackungs- und Schutzprodukte spezialisiert hat. Kontaktieren Sie uns, um mehr zu erfahren!\",\"breadcrumb\":{\"@id\":\"https:\\\/\\\/www.groupe-ctci.fr\\\/de\\\/genialitaet-tiefgezogenes-teil\\\/#breadcrumb\"},\"inLanguage\":\"de\",\"potentialAction\":[{\"@type\":\"ReadAction\",\"target\":[\"https:\\\/\\\/www.groupe-ctci.fr\\\/de\\\/genialitaet-tiefgezogenes-teil\\\/\"]}]},{\"@type\":\"BreadcrumbList\",\"@id\":\"https:\\\/\\\/www.groupe-ctci.fr\\\/de\\\/genialitaet-tiefgezogenes-teil\\\/#breadcrumb\",\"itemListElement\":[{\"@type\":\"ListItem\",\"position\":1,\"name\":\"Accueil\",\"item\":\"https:\\\/\\\/www.groupe-ctci.fr\\\/de\\\/\"},{\"@type\":\"ListItem\",\"position\":2,\"name\":\"Ing\u00e9niosit\u00e9\"}]},{\"@type\":\"WebSite\",\"@id\":\"https:\\\/\\\/www.groupe-ctci.fr\\\/de\\\/#website\",\"url\":\"https:\\\/\\\/www.groupe-ctci.fr\\\/de\\\/\",\"name\":\"CTCI production - DE\",\"description\":\"Expert en solutions de thermoformage sur mesure\",\"potentialAction\":[{\"@type\":\"SearchAction\",\"target\":{\"@type\":\"EntryPoint\",\"urlTemplate\":\"https:\\\/\\\/www.groupe-ctci.fr\\\/de\\\/?s={search_term_string}\"},\"query-input\":{\"@type\":\"PropertyValueSpecification\",\"valueRequired\":true,\"valueName\":\"search_term_string\"}}],\"inLanguage\":\"de\"}]}<\/script>\n<!-- \/ Yoast SEO plugin. -->","yoast_head_json":{"title":"Thermoformen von Verpackungs- und Schutzprodukten, Tray Handling","description":"CTCI, ist ein Hersteller, der sich auf thermogeformte Verpackungs- und Schutzprodukte spezialisiert hat. Kontaktieren Sie uns, um mehr zu erfahren!","robots":{"index":"index","follow":"follow","max-snippet":"max-snippet:-1","max-image-preview":"max-image-preview:large","max-video-preview":"max-video-preview:-1"},"canonical":"https:\/\/www.groupe-ctci.fr\/de\/genialitaet-tiefgezogenes-teil\/","og_locale":"de_DE","og_type":"article","og_title":"Thermoformen von Verpackungs- und Schutzprodukten, Tray Handling","og_description":"CTCI, ist ein Hersteller, der sich auf thermogeformte Verpackungs- und Schutzprodukte spezialisiert hat. Kontaktieren Sie uns, um mehr zu erfahren!","og_url":"https:\/\/www.groupe-ctci.fr\/de\/genialitaet-tiefgezogenes-teil\/","og_site_name":"CTCI production - DE","article_modified_time":"2023-03-23T13:47:18+00:00","twitter_card":"summary_large_image","twitter_misc":{"Gesch\u00e4tzte Lesezeit":"1\u00a0Minute"},"schema":{"@context":"https:\/\/schema.org","@graph":[{"@type":"WebPage","@id":"https:\/\/www.groupe-ctci.fr\/de\/genialitaet-tiefgezogenes-teil\/","url":"https:\/\/www.groupe-ctci.fr\/de\/genialitaet-tiefgezogenes-teil\/","name":"Thermoformen von Verpackungs- und Schutzprodukten, Tray Handling","isPartOf":{"@id":"https:\/\/www.groupe-ctci.fr\/de\/#website"},"datePublished":"2022-08-29T12:55:41+00:00","dateModified":"2023-03-23T13:47:18+00:00","description":"CTCI, ist ein Hersteller, der sich auf thermogeformte Verpackungs- und Schutzprodukte spezialisiert hat. Kontaktieren Sie uns, um mehr zu erfahren!","breadcrumb":{"@id":"https:\/\/www.groupe-ctci.fr\/de\/genialitaet-tiefgezogenes-teil\/#breadcrumb"},"inLanguage":"de","potentialAction":[{"@type":"ReadAction","target":["https:\/\/www.groupe-ctci.fr\/de\/genialitaet-tiefgezogenes-teil\/"]}]},{"@type":"BreadcrumbList","@id":"https:\/\/www.groupe-ctci.fr\/de\/genialitaet-tiefgezogenes-teil\/#breadcrumb","itemListElement":[{"@type":"ListItem","position":1,"name":"Accueil","item":"https:\/\/www.groupe-ctci.fr\/de\/"},{"@type":"ListItem","position":2,"name":"Ing\u00e9niosit\u00e9"}]},{"@type":"WebSite","@id":"https:\/\/www.groupe-ctci.fr\/de\/#website","url":"https:\/\/www.groupe-ctci.fr\/de\/","name":"CTCI production - DE","description":"Expert en solutions de thermoformage sur mesure","potentialAction":[{"@type":"SearchAction","target":{"@type":"EntryPoint","urlTemplate":"https:\/\/www.groupe-ctci.fr\/de\/?s={search_term_string}"},"query-input":{"@type":"PropertyValueSpecification","valueRequired":true,"valueName":"search_term_string"}}],"inLanguage":"de"}]}},"jetpack_sharing_enabled":true,"_links":{"self":[{"href":"https:\/\/www.groupe-ctci.fr\/de\/wp-json\/wp\/v2\/pages\/1987","targetHints":{"allow":["GET"]}}],"collection":[{"href":"https:\/\/www.groupe-ctci.fr\/de\/wp-json\/wp\/v2\/pages"}],"about":[{"href":"https:\/\/www.groupe-ctci.fr\/de\/wp-json\/wp\/v2\/types\/page"}],"author":[{"embeddable":true,"href":"https:\/\/www.groupe-ctci.fr\/de\/wp-json\/wp\/v2\/users\/4"}],"replies":[{"embeddable":true,"href":"https:\/\/www.groupe-ctci.fr\/de\/wp-json\/wp\/v2\/comments?post=1987"}],"version-history":[{"count":21,"href":"https:\/\/www.groupe-ctci.fr\/de\/wp-json\/wp\/v2\/pages\/1987\/revisions"}],"predecessor-version":[{"id":2614,"href":"https:\/\/www.groupe-ctci.fr\/de\/wp-json\/wp\/v2\/pages\/1987\/revisions\/2614"}],"wp:attachment":[{"href":"https:\/\/www.groupe-ctci.fr\/de\/wp-json\/wp\/v2\/media?parent=1987"}],"curies":[{"name":"wp","href":"https:\/\/api.w.org\/{rel}","templated":true}]}}