{"id":2388,"date":"2022-11-25T10:28:02","date_gmt":"2022-11-25T09:28:02","guid":{"rendered":"https:\/\/www.groupe-ctci.fr\/de\/?page_id=2388"},"modified":"2023-03-23T14:38:41","modified_gmt":"2023-03-23T13:38:41","slug":"cookie-verwaltung-datenschutzerklaerung","status":"publish","type":"page","link":"https:\/\/www.groupe-ctci.fr\/de\/cookie-verwaltung-datenschutzerklaerung\/","title":{"rendered":"Politique de confidentialit\u00e9"},"content":{"rendered":"<p>[vc_row][vc_column][vc_column_text]<\/p>\n<h1>Cookie-Verwaltung \u2013 Datenschutzerkl\u00e4rung<\/h1>\n<p>Wir nehmen Ihre Privatsph\u00e4re sehr ernst!<\/p>\n<p>Vielen Dank, dass Sie unsere Websites und Dienste nutzen. Wie Sie glauben wir, dass pers\u00f6nliche Integrit\u00e4t wichtig ist und wir nehmen Ihre Privatsph\u00e4re ernst. Diese Datenschutzerkl\u00e4rung ist f\u00fcr jede nat\u00fcrliche Person relevant, die ihre personenbezogenen Daten direkt oder indirekt an CTCI weitergibt, indem sie unsere Websites besucht oder unsere Dienste nutzt.<\/p>\n<p>CTCI ist ein Unternehmen mit Sitz in Frankreich und als solches halten wir uns an die franz\u00f6sische Gesetzgebung zum Schutz personenbezogener Daten (1998: 204), die die europ\u00e4ische Datenschutzrichtlinie 95\/46\/EG anwendet.<\/p>\n<p>Unser Hauptsitz befindet sich in\u00a0 der<\/p>\n<p>1 rue de l\u2019Artisanat<br \/>\n67440 Singrist<br \/>\nFRANCE.<\/p>\n<p>Bei Fragen oder Bedenken zum Datenschutz teilen Sie uns dies bitte unter folgender Adresse mit: commercial-ctci.fr.<\/p>\n<p>In dieser Datenschutzerkl\u00e4rung erl\u00e4utern wir, welche Arten von personenbezogenen Daten verarbeitet werden d\u00fcrfen und zu welchem Zweck. Wir erl\u00e4utern Ihnen auch, welche Wahlm\u00f6glichkeiten Sie in Bezug auf unsere Verarbeitung haben und wie Sie mehr \u00fcber unsere Verarbeitung und Ihre Rechte erfahren k\u00f6nnen.<\/p>\n<h2>GELTUNGSBEREICH DER DATENSCHUTZERKL\u00c4RUNG<\/h2>\n<p>Bitte beachten Sie, dass diese Datenschutzerkl\u00e4rung die Verarbeitung personenbezogener Daten betrifft, f\u00fcr die CTCI der Datenverantwortliche ist, d.h. in F\u00e4llen, in denen CTCI Zur Vermeidung von Missverst\u00e4ndnissen betrifft diese Datenschutzrichtlinie keine Verarbeitung personenbezogener Daten, die CTCI als Datenverarbeiter aufgrund Ihrer Nutzung unserer Dienste durchf\u00fchren kann.<\/p>\n<p>Weitere Informationen dar\u00fcber, wie unsere Dienstleistungen genutzt werden k\u00f6nnen, um Ihre Verarbeitung personenbezogener Daten zu erleichtern, sowie \u00fcber die Verantwortlichkeiten und Verpflichtungen von CTCI in Bezug auf diese Daten finden Sie in den geltenden Bedingungen.<\/p>\n<h2>VERARBEITETE PERSONENBEZOGENE DATEN<\/h2>\n<p>Personenbezogene Daten sind Daten, die Sie als nat\u00fcrliche Person identifizieren. Wir k\u00f6nnen die folgenden Arten von personenbezogenen Daten \u00fcber Sie verarbeiten:<\/p>\n<p>Ihre Kontaktinformationen einschlie\u00dflich Ihres Namens, Ihrer E-Mail-Adresse und Telefonnummer<br \/>\nBenutzerinformationen, z. B. wenn Sie sich bei unserem Dienst anmelden oder unsere Websites besuchen. Diese Informationen k\u00f6nnen IP-Nummer, Ger\u00e4tetyp und Browser, Zeitzone, Standort sowie Ihre Interessen und Pr\u00e4ferenzen enthalten, Informationen dar\u00fcber, wie Sie mit unseren Diensten interagieren, z. B. verwendete Funktionen und angeklickte Schaltfl\u00e4chen. Andere Informationen, die wir \u00fcber Ihre Kontakte erhalten.<\/p>\n<h2>VERARBEITUNGSZWECKE<\/h2>\n<p>Wir verarbeiten Ihre personenbezogenen Daten zu folgenden Zwecken :<\/p>\n<p>Bereitstellung unserer Dienstleistungen in \u00dcbereinstimmung mit den geltenden Bedingungen<br \/>\nVerwaltung der Gesch\u00e4ftsbeziehung mit Ihnen und dem CTCI-Kunden, den Sie vertreten<br \/>\nEntwicklung und Verbesserung unserer Dienstleistungen<br \/>\nBereitstellung von Informationen und Angeboten f\u00fcr aktuelle oder potenzielle CTCI-Kunden \u00fcber unsere Dienstleistungen durch ausgew\u00e4hlte Dritte. Zur Vermeidung von Missverst\u00e4ndnissen wird darauf hingewiesen, dass jegliches Marketingmaterial, das unter Verwendung Ihrer personenbezogenen Daten verteilt wird, an Sie als Vertreter eines aktuellen oder potenziellen Kunden von CTCI und nicht an Sie als Privatperson gesendet wird.<\/p>\n<h2>WEITERGABE AN DRITTE UND \u00dcBERMITTLUNG IN DRITTL\u00c4NDER<\/h2>\n<p>Wir k\u00f6nnen personenbezogene Daten f\u00fcr die oben erl\u00e4uterten Zwecke an Dritte weitergeben. Zur Vermeidung von Missverst\u00e4ndnissen werden wir personenbezogene Daten nicht so an Dritte weitergeben, dass diese Dritten personenbezogene Daten f\u00fcr Direktmarketingzwecke in Bezug auf Sie als Einzelperson verwenden, sondern nur an Sie als Vertreter eines aktuellen oder potenziellen Kunden von CTCI..<\/p>\n<p>Wir k\u00f6nnen personenbezogene Daten in ein Land au\u00dferhalb des EWR \u00fcbertragen, aber wir m\u00fcssen zuerst Ihre Zustimmung einholen oder sicherstellen, dass die \u00dcbertragung rechtm\u00e4\u00dfig und sicher ist, indem wir andere Vereinbarungen treffen.<\/p>\n<p>Wie oben erl\u00e4utert, beachten Sie bitte, dass diese Datenschutzerkl\u00e4rung nicht f\u00fcr Datenverarbeitungen gilt, f\u00fcr die Sie aufgrund der Nutzung unserer Dienste verantwortlich sind. Sie oder die Partei, die Sie vertreten, sind stets f\u00fcr die Verarbeitung personenbezogener Daten gem\u00e4\u00df geltendem Recht verantwortlich.<\/p>\n<h2>IHRE RECHTE<\/h2>\n<p>Es ist unsere Pflicht, pr\u00e4zise, relevante und notwendige personenbezogene Elemente unter Ber\u00fccksichtigung unserer legitimen Zwecke zu verarbeiten. Es ist Ihr Recht, uns zu kontrollieren. Um die personenbezogenen Daten, die wir \u00fcber Sie verarbeiten, zu aktualisieren, kontaktieren Sie uns<br \/>\nbitte unter commercial-ctci@ctci.fr Um einen kostenlosen Auszug der personenbezogenen Daten zu erhalten, die wir \u00fcber Sie verarbeiten, senden Sie uns einen unterzeichneten Brief an die Adresse von CTCI.<\/p>\n<h3>Cookie-Verwaltung<\/h3>\n<p>Wir verwenden Cookies aus verschiedenen Gr\u00fcnden. Sie k\u00f6nnen jederzeit zu Ihrer Auswahl zur\u00fcckkehren, indem Sie auf das Symbol unten rechts auf den Seiten klicken.<br \/>\nCookies, die f\u00fcr das ordnungsgem\u00e4\u00dfe Funktionieren der Website erforderlich sind<\/p>\n<p>Diese Cookies erm\u00f6glichen es im Wesentlichen, Spam zu erkennen und die Sicherheit der Website zu verbessern, deren Daten in Frankreich gespeichert werden. Sie sind f\u00fcr den Betrieb der Website zwingend erforderlich und enthalten keine verwertbaren personenbezogenen Daten.<br \/>\nCookies zur Messung des Datenverkehrs<\/p>\n<p>Es werden zwei Arten von Cookies verwendet, eine Art f\u00fcr das anonymisierte Tracking (Daten, die in Frankreich \u00fcber das Matomo-Tool gespeichert werden) und die andere f\u00fcr das Tracking \u00fcber das Google Analytics-Tool (in den USA gespeicherte Daten), die je nach Ihrer Wahl aktiviert werden k\u00f6nnen oder nicht.<\/p>\n<h3>Cookies Pr\u00e4ferenz<\/h3>\n<p>Diese Cookies werden verwendet, um Ihnen Inhalte zu pr\u00e4sentieren, die f\u00fcr Ihre Surfgewohnheiten relevant sind.<br \/>\nDiese Cookies werden insbesondere von Youtube (Daten in den USA gespeichert) verwendet, um die angesehenen Videos zu verfolgen.[\/vc_column_text][vc_raw_html]JTNDaWZyYW1lJTIwc3R5bGUlM0QlMjJib3JkZXIlM0ElMjAwJTNCJTIwaGVpZ2h0JTNBJTIwMjAwcHglM0IlMjB3aWR0aCUzQSUyMDEwMCUyNSUzQiUyMiUyMHNyYyUzRCUyMmh0dHBzJTNBJTJGJTJGYW5hbHl0aWNzLmQyYmNvbnN1bHRpbmcuZnIlMkZpbmRleC5waHAlM0Ztb2R1bGUlM0RDb3JlQWRtaW5Ib21lJTI2YW1wJTNCYWN0aW9uJTNEb3B0T3V0JTI2YW1wJTNCbGFuZ3VhZ2UlM0RmciUyNmFtcCUzQmJhY2tncm91bmRDb2xvciUzRGZmZmZmZiUyNmFtcCUzQmZvbnRDb2xvciUzRCUyNmFtcCUzQmZvbnRTaXplJTNEMTVweCUyNmFtcCUzQmZvbnRGYW1pbHklM0QlMjdPcGVuJTIwU2FucyUyNyUyQyUyMHNhbnMtc2VyaWYlMjIlMjB3aWR0aCUzRCUyMjMwMCUyMiUyMGhlaWdodCUzRCUyMjE1MCUyMiUzRSUzQyUyRmlmcmFtZSUzRQ==[\/vc_raw_html][vc_column_text]<\/p>\n<h2>Bestimmungen der DSGVO<\/h2>\n<p>CTCI ist verantwortlich f\u00fcr die Verarbeitung der auf der Website erhobenen Daten https:\/\/groupe-ctci.fr<\/p>\n<p>Insbesondere wird der Benutzer dar\u00fcber informiert, dass gem\u00e4\u00df Artikel 32 des Datenschutzgesetzes vom 6. Januar 1978 in der ge\u00e4nderten Fassung die Informationen, die er \u00fcber die Formulare auf der CTCI-Website \u00fcbermittelt, zur Beantwortung seiner Anfrage erforderlich sind und f\u00fcr die Dienste bestimmt sind, die f\u00fcr die Beantwortung seiner Anfrage zum Zwecke der Weiterverfolgung dieser Anfrage zust\u00e4ndig sind.<\/p>\n<p>Gem\u00e4\u00df den Bestimmungen der Artikel 39 und 40 des Gesetzes &#8222;Informatique et Libert\u00e9s&#8220; vom 6. Januar 1978 in der Fassung von 2004 hat der Nutzer ein Recht auf Zugang, Berichtigung, Aktualisierung und L\u00f6schung der ihn betreffenden Informationen, das er aus\u00fcben kann, indem er sich an CTCI \u2013 1 rue de l&#8217;Artisanat \u2013 \u00a067440 Singrist \u2013 FRANKREICH wendet, im Betreff des Schreibens &#8222;Rechte der Personen&#8220; angibt und eine Kopie seines Identit\u00e4tsnachweises beif\u00fcgt.<\/p>\n<p>Sie haben auch das Recht, Anweisungen \u00fcber das Schicksal Ihrer Daten nach Ihrem Tod zu geben.<\/p>\n<p>Gem\u00e4\u00df den Bestimmungen von Artikel 38 des Gesetzes &#8222;Informatique et Libert\u00e9s&#8220; vom 6. Januar 1978, ge\u00e4ndert im Jahr 2004, kann der Nutzer auch aus legitimen Gr\u00fcnden der Verarbeitung seiner Daten und ohne Grund und kostenlos widersprechen, dass seine Daten f\u00fcr kommerzielle Prospektionszwecke verwendet werden.<\/p>\n<p>Der Nutzer wird darauf hingewiesen, dass w\u00e4hrend seines Besuchs auf der https:\/\/groupe-ctci.fr Website automatisch ein Cookie auf seiner Browser-Software installiert werden kann.<\/p>\n<p>Die auf dieser Website gesammelten Informationen werden f\u00fcr einen Zeitraum von drei Jahren aufbewahrt.<\/p>\n<p>Das Cookie ist ein Datenblock, der die Benutzer nicht identifiziert, sondern dazu dient, Informationen \u00fcber die Navigation dieser Benutzer auf der Website aufzuzeichnen. Die Konfiguration der Browser-Software erm\u00f6glicht es, \u00fcber das Vorhandensein von Cookies zu informieren und diese m\u00f6glicherweise in der unter der folgenden Adresse beschriebenen Weise abzulehnen www.cnil.fr.<\/p>\n<p>Der Benutzer hat das Recht, auf die \u00fcber Cookies \u00fcbermittelten personenbezogenen Daten unter den oben genannten Bedingungen zuzugreifen, sie zu widerrufen und zu \u00e4ndern.<\/p>\n<p>Der Benutzer der CTCI-Website ist verpflichtet, die Bestimmungen des Datenschutzgesetzes vom 6. Januar 1978 in der jeweils g\u00fcltigen Fassung einzuhalten, deren Verletzung strafrechtlich geahndet wird. Insbesondere hat er in Bezug auf die namentlichen Informationen, zu denen er Zugang hat, jede Sammlung, jeden Missbrauch und im Allgemeinen jede Handlung zu unterlassen, die geeignet ist, die Privatsph\u00e4re oder den Ruf von Personen zu verletzen.[\/vc_column_text][\/vc_column][\/vc_row]<\/p>\n","protected":false},"excerpt":{"rendered":"<p>[vc_row][vc_column][vc_column_text] Cookie-Verwaltung \u2013 Datenschutzerkl\u00e4rung Wir nehmen Ihre Privatsph\u00e4re sehr ernst! Vielen Dank, dass Sie unsere Websites und Dienste nutzen. Wie Sie glauben wir, dass pers\u00f6nliche Integrit\u00e4t<span class=\"excerpt-hellip\"> [\u2026]<\/span><\/p>\n","protected":false},"author":4,"featured_media":0,"parent":0,"menu_order":0,"comment_status":"closed","ping_status":"closed","template":"","meta":{"footnotes":""},"class_list":["post-2388","page","type-page","status-publish","hentry"],"yoast_head":"<!-- This site is optimized with the Yoast SEO plugin v27.4 - https:\/\/yoast.com\/product\/yoast-seo-wordpress\/ -->\n<title>Cookie-Verwaltung \u2013 Datenschutzerkl\u00e4rung<\/title>\n<meta name=\"robots\" content=\"index, follow, max-snippet:-1, max-image-preview:large, max-video-preview:-1\" \/>\n<link rel=\"canonical\" href=\"https:\/\/www.groupe-ctci.fr\/de\/cookie-verwaltung-datenschutzerklaerung\/\" \/>\n<meta property=\"og:locale\" content=\"de_DE\" \/>\n<meta property=\"og:type\" content=\"article\" \/>\n<meta property=\"og:title\" content=\"Cookie-Verwaltung \u2013 Datenschutzerkl\u00e4rung\" \/>\n<meta property=\"og:description\" content=\"[vc_row][vc_column][vc_column_text] Cookie-Verwaltung \u2013 Datenschutzerkl\u00e4rung Wir nehmen Ihre Privatsph\u00e4re sehr ernst! Vielen Dank, dass Sie unsere Websites und Dienste nutzen. Wie Sie glauben wir, dass pers\u00f6nliche Integrit\u00e4t [\u2026]\" \/>\n<meta property=\"og:url\" content=\"https:\/\/www.groupe-ctci.fr\/de\/cookie-verwaltung-datenschutzerklaerung\/\" \/>\n<meta property=\"og:site_name\" content=\"CTCI production - DE\" \/>\n<meta property=\"article:modified_time\" content=\"2023-03-23T13:38:41+00:00\" \/>\n<meta name=\"twitter:card\" content=\"summary_large_image\" \/>\n<meta name=\"twitter:label1\" content=\"Gesch\u00e4tzte Lesezeit\" \/>\n\t<meta name=\"twitter:data1\" content=\"7\u00a0Minuten\" \/>\n<script type=\"application\/ld+json\" class=\"yoast-schema-graph\">{\"@context\":\"https:\\\/\\\/schema.org\",\"@graph\":[{\"@type\":\"WebPage\",\"@id\":\"https:\\\/\\\/www.groupe-ctci.fr\\\/de\\\/cookie-verwaltung-datenschutzerklaerung\\\/\",\"url\":\"https:\\\/\\\/www.groupe-ctci.fr\\\/de\\\/cookie-verwaltung-datenschutzerklaerung\\\/\",\"name\":\"Cookie-Verwaltung \u2013 Datenschutzerkl\u00e4rung\",\"isPartOf\":{\"@id\":\"https:\\\/\\\/www.groupe-ctci.fr\\\/de\\\/#website\"},\"datePublished\":\"2022-11-25T09:28:02+00:00\",\"dateModified\":\"2023-03-23T13:38:41+00:00\",\"breadcrumb\":{\"@id\":\"https:\\\/\\\/www.groupe-ctci.fr\\\/de\\\/cookie-verwaltung-datenschutzerklaerung\\\/#breadcrumb\"},\"inLanguage\":\"de\",\"potentialAction\":[{\"@type\":\"ReadAction\",\"target\":[\"https:\\\/\\\/www.groupe-ctci.fr\\\/de\\\/cookie-verwaltung-datenschutzerklaerung\\\/\"]}]},{\"@type\":\"BreadcrumbList\",\"@id\":\"https:\\\/\\\/www.groupe-ctci.fr\\\/de\\\/cookie-verwaltung-datenschutzerklaerung\\\/#breadcrumb\",\"itemListElement\":[{\"@type\":\"ListItem\",\"position\":1,\"name\":\"Accueil\",\"item\":\"https:\\\/\\\/www.groupe-ctci.fr\\\/de\\\/\"},{\"@type\":\"ListItem\",\"position\":2,\"name\":\"Politique de confidentialit\u00e9\"}]},{\"@type\":\"WebSite\",\"@id\":\"https:\\\/\\\/www.groupe-ctci.fr\\\/de\\\/#website\",\"url\":\"https:\\\/\\\/www.groupe-ctci.fr\\\/de\\\/\",\"name\":\"CTCI production - DE\",\"description\":\"Expert en solutions de thermoformage sur mesure\",\"potentialAction\":[{\"@type\":\"SearchAction\",\"target\":{\"@type\":\"EntryPoint\",\"urlTemplate\":\"https:\\\/\\\/www.groupe-ctci.fr\\\/de\\\/?s={search_term_string}\"},\"query-input\":{\"@type\":\"PropertyValueSpecification\",\"valueRequired\":true,\"valueName\":\"search_term_string\"}}],\"inLanguage\":\"de\"}]}<\/script>\n<!-- \/ Yoast SEO plugin. -->","yoast_head_json":{"title":"Cookie-Verwaltung \u2013 Datenschutzerkl\u00e4rung","robots":{"index":"index","follow":"follow","max-snippet":"max-snippet:-1","max-image-preview":"max-image-preview:large","max-video-preview":"max-video-preview:-1"},"canonical":"https:\/\/www.groupe-ctci.fr\/de\/cookie-verwaltung-datenschutzerklaerung\/","og_locale":"de_DE","og_type":"article","og_title":"Cookie-Verwaltung \u2013 Datenschutzerkl\u00e4rung","og_description":"[vc_row][vc_column][vc_column_text] Cookie-Verwaltung \u2013 Datenschutzerkl\u00e4rung Wir nehmen Ihre Privatsph\u00e4re sehr ernst! Vielen Dank, dass Sie unsere Websites und Dienste nutzen. Wie Sie glauben wir, dass pers\u00f6nliche Integrit\u00e4t [\u2026]","og_url":"https:\/\/www.groupe-ctci.fr\/de\/cookie-verwaltung-datenschutzerklaerung\/","og_site_name":"CTCI production - DE","article_modified_time":"2023-03-23T13:38:41+00:00","twitter_card":"summary_large_image","twitter_misc":{"Gesch\u00e4tzte Lesezeit":"7\u00a0Minuten"},"schema":{"@context":"https:\/\/schema.org","@graph":[{"@type":"WebPage","@id":"https:\/\/www.groupe-ctci.fr\/de\/cookie-verwaltung-datenschutzerklaerung\/","url":"https:\/\/www.groupe-ctci.fr\/de\/cookie-verwaltung-datenschutzerklaerung\/","name":"Cookie-Verwaltung \u2013 Datenschutzerkl\u00e4rung","isPartOf":{"@id":"https:\/\/www.groupe-ctci.fr\/de\/#website"},"datePublished":"2022-11-25T09:28:02+00:00","dateModified":"2023-03-23T13:38:41+00:00","breadcrumb":{"@id":"https:\/\/www.groupe-ctci.fr\/de\/cookie-verwaltung-datenschutzerklaerung\/#breadcrumb"},"inLanguage":"de","potentialAction":[{"@type":"ReadAction","target":["https:\/\/www.groupe-ctci.fr\/de\/cookie-verwaltung-datenschutzerklaerung\/"]}]},{"@type":"BreadcrumbList","@id":"https:\/\/www.groupe-ctci.fr\/de\/cookie-verwaltung-datenschutzerklaerung\/#breadcrumb","itemListElement":[{"@type":"ListItem","position":1,"name":"Accueil","item":"https:\/\/www.groupe-ctci.fr\/de\/"},{"@type":"ListItem","position":2,"name":"Politique de confidentialit\u00e9"}]},{"@type":"WebSite","@id":"https:\/\/www.groupe-ctci.fr\/de\/#website","url":"https:\/\/www.groupe-ctci.fr\/de\/","name":"CTCI production - DE","description":"Expert en solutions de thermoformage sur mesure","potentialAction":[{"@type":"SearchAction","target":{"@type":"EntryPoint","urlTemplate":"https:\/\/www.groupe-ctci.fr\/de\/?s={search_term_string}"},"query-input":{"@type":"PropertyValueSpecification","valueRequired":true,"valueName":"search_term_string"}}],"inLanguage":"de"}]}},"jetpack_sharing_enabled":true,"_links":{"self":[{"href":"https:\/\/www.groupe-ctci.fr\/de\/wp-json\/wp\/v2\/pages\/2388","targetHints":{"allow":["GET"]}}],"collection":[{"href":"https:\/\/www.groupe-ctci.fr\/de\/wp-json\/wp\/v2\/pages"}],"about":[{"href":"https:\/\/www.groupe-ctci.fr\/de\/wp-json\/wp\/v2\/types\/page"}],"author":[{"embeddable":true,"href":"https:\/\/www.groupe-ctci.fr\/de\/wp-json\/wp\/v2\/users\/4"}],"replies":[{"embeddable":true,"href":"https:\/\/www.groupe-ctci.fr\/de\/wp-json\/wp\/v2\/comments?post=2388"}],"version-history":[{"count":3,"href":"https:\/\/www.groupe-ctci.fr\/de\/wp-json\/wp\/v2\/pages\/2388\/revisions"}],"predecessor-version":[{"id":2612,"href":"https:\/\/www.groupe-ctci.fr\/de\/wp-json\/wp\/v2\/pages\/2388\/revisions\/2612"}],"wp:attachment":[{"href":"https:\/\/www.groupe-ctci.fr\/de\/wp-json\/wp\/v2\/media?parent=2388"}],"curies":[{"name":"wp","href":"https:\/\/api.w.org\/{rel}","templated":true}]}}