{"id":939,"date":"2020-09-04T15:17:30","date_gmt":"2020-09-04T13:17:30","guid":{"rendered":"https:\/\/www.groupe-ctci.fr\/de\/?page_id=939"},"modified":"2021-03-09T18:20:13","modified_gmt":"2021-03-09T17:20:13","slug":"plateau-thermoforme-pour-la-manutention","status":"publish","type":"page","link":"https:\/\/www.groupe-ctci.fr\/de\/plateau-thermoforme-pour-la-manutention\/","title":{"rendered":"Plateau thermoform\u00e9 pour la manutentionThermogeformte Handling-Trays"},"content":{"rendered":"<h2>Plateau thermoform\u00e9 pour la manutention automatique<\/h2>\n<p>CTCI fabrique des <strong class=\"d2b\">plateaux thermoform\u00e9s pour la manutention automatique<\/strong>, en petit et grand format (max : 1450&#215;1250 mm).<br \/>\nNous r\u00e9alisons vos projets en fonction de vos objectifs. Les <strong class=\"d2b\">plateaux thermoform\u00e9s<\/strong> destin\u00e9s \u00e0 la <strong class=\"d2b\">manutention automatique<\/strong> peuvent servir dans divers secteurs comme l&#8216;<strong class=\"d2b\">automobile<\/strong>, la <strong class=\"d2b\">cosm\u00e9tique<\/strong>, la <strong class=\"d2b\">pharmaceutique<\/strong>, l&#8216;<strong class=\"d2b\">\u00e9lectronique<\/strong>, etc&#8230;<\/p>\n<h2>Plateau thermoform\u00e9 pour la manutention manuelle<\/h2>\n<p>Sp\u00e9cialis\u00e9 \u00e9galement dans la fabrication de <strong class=\"d2b\">plateau thermoform\u00e9<\/strong> pour la manutention manuelle, nous sommes capable de r\u00e9pondre \u00e0 votre demande. Nous pouvons r\u00e9aliser des <strong class=\"d2b\">plateaux thermoform\u00e9s<\/strong> \u00e0 <strong class=\"d2b\">usage unique<\/strong> ou <strong class=\"d2b\">r\u00e9utilisable<\/strong>, en <strong class=\"d2b\">petit<\/strong> ou <strong class=\"d2b\">grand format<\/strong>.<\/p>\n<h2>Plateau thermoform\u00e9 durable<\/h2>\n<p>CTCI peut mettre en place un syst\u00e8me de tra\u00e7age sur les <strong class=\"d2b\">plateaux thermoform\u00e9s standards<\/strong> afin de les recycler une fois les plateaux usag\u00e9s. Gr\u00e2ce \u00e0 un syst\u00e8me de <strong class=\"d2b\">broyage de plastique<\/strong> il est possible de cr\u00e9er des bobines et des plaques pour recr\u00e9er des <strong class=\"d2b\">pi\u00e8ces thermoform\u00e9es<\/strong>.<br \/>\n<img loading=\"lazy\" decoding=\"async\" class=\"wp-image-954 aligncenter\" src=\"https:\/\/www.groupe-ctci.fr\/de\/wp-content\/uploads\/sites\/5\/2020\/09\/spezialist-fur-thermogeformte-platten-300x300.png\" alt=\"sp\u00e9cialiste plateau thermoform\u00e9\" width=\"240\" height=\"240\" srcset=\"https:\/\/www.groupe-ctci.fr\/de\/wp-content\/uploads\/sites\/5\/2020\/09\/spezialist-fur-thermogeformte-platten-300x300.png 300w, https:\/\/www.groupe-ctci.fr\/de\/wp-content\/uploads\/sites\/5\/2020\/09\/spezialist-fur-thermogeformte-platten-464x464.png 464w, https:\/\/www.groupe-ctci.fr\/de\/wp-content\/uploads\/sites\/5\/2020\/09\/spezialist-fur-thermogeformte-platten-150x150.png 150w, https:\/\/www.groupe-ctci.fr\/de\/wp-content\/uploads\/sites\/5\/2020\/09\/spezialist-fur-thermogeformte-platten-146x146.png 146w, https:\/\/www.groupe-ctci.fr\/de\/wp-content\/uploads\/sites\/5\/2020\/09\/spezialist-fur-thermogeformte-platten-50x50.png 50w, https:\/\/www.groupe-ctci.fr\/de\/wp-content\/uploads\/sites\/5\/2020\/09\/spezialist-fur-thermogeformte-platten-75x75.png 75w, https:\/\/www.groupe-ctci.fr\/de\/wp-content\/uploads\/sites\/5\/2020\/09\/spezialist-fur-thermogeformte-platten-85x85.png 85w, https:\/\/www.groupe-ctci.fr\/de\/wp-content\/uploads\/sites\/5\/2020\/09\/spezialist-fur-thermogeformte-platten-80x80.png 80w, https:\/\/www.groupe-ctci.fr\/de\/wp-content\/uploads\/sites\/5\/2020\/09\/spezialist-fur-thermogeformte-platten.png 552w\" sizes=\"auto, (max-width: 240px) 100vw, 240px\" \/><\/p>\n<h2>Thermogeformte Trays f\u00fcr das automatische Handling<\/h2>\n<p>CTCI fertigt kleine und gro\u00dfe (max. 1450&#215;1250 mm) <strong class=\"d2b\">thermogeformte Trays f\u00fcr das automatische Handling<\/strong>. Wir setzen Ihre Projekte nach Ihren Zielvorgaben um. <strong class=\"d2b\">Thermogeformte Trays<\/strong> f\u00fcr das <strong class=\"d2b\">automatische Handling<\/strong> kommen in verschiedenen Sektoren zum Einsatz, wie z.B. in der Automobil-, <strong class=\"d2b\">Kosmetik-<\/strong> <strong class=\"d2b\">oder Pharmaindustrie<\/strong>, in der <strong class=\"d2b\">Elektronik<\/strong> usw.<\/p>\n<h2>Thermogeformte Trays f\u00fcr das automatische Handling<\/h2>\n<p>Auch die Herstellung von <strong class=\"d2b\">thermogeformten Trays<\/strong> f\u00fcr die manuelle Handhabung z\u00e4hlt zu unseren Spezialgebieten. Unsere Trays bieten wir in gro\u00dfen und kleinen Formaten sowie als Einweg- oder Mehrweg-Produkte an.<\/p>\n<h2>Nachhaltige thermogeformte Trays<\/h2>\n<p>CTCI kann f\u00fcr <strong class=\"d2b\">tiefgezogene Standard-Trays<\/strong> ein R\u00fcckverfolgungssystem einrichten, um nach Gebrauch das Recycling zu gew\u00e4hrleisten. Ein <strong class=\"d2b\">Kunststoffzerkleinerungssystem<\/strong> macht es m\u00f6glich, Rollen und Platten zu erzeugen, die anschlie\u00dfend wieder zu <strong class=\"d2b\">thermogeformten Teilen<\/strong> werden.<br \/>\n<img loading=\"lazy\" decoding=\"async\" class=\"aligncenter size-medium wp-image-1414\" src=\"https:\/\/www.groupe-ctci.fr\/de\/wp-content\/uploads\/sites\/5\/2021\/03\/Tiefgezogene-Kunststoffschale-Handhabung-300x300.jpg\" alt=\"Tiefgezogene Kunststoffschale f\u00fcr die Handhabung\" width=\"300\" height=\"300\" srcset=\"https:\/\/www.groupe-ctci.fr\/de\/wp-content\/uploads\/sites\/5\/2021\/03\/Tiefgezogene-Kunststoffschale-Handhabung-300x300.jpg 300w, https:\/\/www.groupe-ctci.fr\/de\/wp-content\/uploads\/sites\/5\/2021\/03\/Tiefgezogene-Kunststoffschale-Handhabung-464x464.jpg 464w, https:\/\/www.groupe-ctci.fr\/de\/wp-content\/uploads\/sites\/5\/2021\/03\/Tiefgezogene-Kunststoffschale-Handhabung.jpg 500w\" sizes=\"auto, (max-width: 300px) 100vw, 300px\" \/><\/p>\n","protected":false},"excerpt":{"rendered":"<p>Plateau thermoform\u00e9 pour la manutention automatique CTCI fabrique des plateaux thermoform\u00e9s pour la manutention automatique, en petit et grand format (max : 1450&#215;1250 mm). Nous r\u00e9alisons<span class=\"excerpt-hellip\"> [\u2026]<\/span><\/p>\n","protected":false},"author":4,"featured_media":0,"parent":0,"menu_order":0,"comment_status":"closed","ping_status":"closed","template":"","meta":{"footnotes":""},"class_list":["post-939","page","type-page","status-publish","hentry"],"yoast_head":"<!-- This site is optimized with the Yoast SEO plugin v27.5 - https:\/\/yoast.com\/product\/yoast-seo-wordpress\/ -->\n<title>Plateau en plastique thermoform\u00e9 pour la manutention<\/title>\n<meta name=\"description\" content=\"CTCI fabrique des plateaux en plastique thermoform\u00e9s pour la manutention automatique ou manuelle. Contactez-nous pour en savoir plus !\" \/>\n<meta name=\"robots\" content=\"index, follow, max-snippet:-1, max-image-preview:large, max-video-preview:-1\" \/>\n<link rel=\"canonical\" href=\"https:\/\/www.groupe-ctci.fr\/de\/plateau-thermoforme-pour-la-manutention\/\" \/>\n<meta property=\"og:locale\" content=\"de_DE\" \/>\n<meta property=\"og:type\" content=\"article\" \/>\n<meta property=\"og:title\" content=\"Plateau en plastique thermoform\u00e9 pour la manutention\" \/>\n<meta property=\"og:description\" content=\"CTCI fabrique des plateaux en plastique thermoform\u00e9s pour la manutention automatique ou manuelle. Contactez-nous pour en savoir plus !\" \/>\n<meta property=\"og:url\" content=\"https:\/\/www.groupe-ctci.fr\/de\/plateau-thermoforme-pour-la-manutention\/\" \/>\n<meta property=\"og:site_name\" content=\"CTCI production - DE\" \/>\n<meta property=\"article:modified_time\" content=\"2021-03-09T17:20:13+00:00\" \/>\n<meta property=\"og:image\" content=\"https:\/\/www.groupe-ctci.fr\/de\/wp-content\/uploads\/sites\/5\/2020\/09\/spezialist-fur-thermogeformte-platten-300x300.png\" \/>\n<meta name=\"twitter:card\" content=\"summary_large_image\" \/>\n<meta name=\"twitter:label1\" content=\"Gesch\u00e4tzte Lesezeit\" \/>\n\t<meta name=\"twitter:data1\" content=\"1\u00a0Minute\" \/>\n<script type=\"application\/ld+json\" class=\"yoast-schema-graph\">{\"@context\":\"https:\\\/\\\/schema.org\",\"@graph\":[{\"@type\":\"WebPage\",\"@id\":\"https:\\\/\\\/www.groupe-ctci.fr\\\/de\\\/plateau-thermoforme-pour-la-manutention\\\/\",\"url\":\"https:\\\/\\\/www.groupe-ctci.fr\\\/de\\\/plateau-thermoforme-pour-la-manutention\\\/\",\"name\":\"Plateau en plastique thermoform\u00e9 pour la manutention\",\"isPartOf\":{\"@id\":\"https:\\\/\\\/www.groupe-ctci.fr\\\/de\\\/#website\"},\"primaryImageOfPage\":{\"@id\":\"https:\\\/\\\/www.groupe-ctci.fr\\\/de\\\/plateau-thermoforme-pour-la-manutention\\\/#primaryimage\"},\"image\":{\"@id\":\"https:\\\/\\\/www.groupe-ctci.fr\\\/de\\\/plateau-thermoforme-pour-la-manutention\\\/#primaryimage\"},\"thumbnailUrl\":\"https:\\\/\\\/www.groupe-ctci.fr\\\/de\\\/wp-content\\\/uploads\\\/sites\\\/5\\\/2020\\\/09\\\/spezialist-fur-thermogeformte-platten-300x300.png\",\"datePublished\":\"2020-09-04T13:17:30+00:00\",\"dateModified\":\"2021-03-09T17:20:13+00:00\",\"description\":\"CTCI fabrique des plateaux en plastique thermoform\u00e9s pour la manutention automatique ou manuelle. Contactez-nous pour en savoir plus !\",\"breadcrumb\":{\"@id\":\"https:\\\/\\\/www.groupe-ctci.fr\\\/de\\\/plateau-thermoforme-pour-la-manutention\\\/#breadcrumb\"},\"inLanguage\":\"de\",\"potentialAction\":[{\"@type\":\"ReadAction\",\"target\":[\"https:\\\/\\\/www.groupe-ctci.fr\\\/de\\\/plateau-thermoforme-pour-la-manutention\\\/\"]}]},{\"@type\":\"ImageObject\",\"inLanguage\":\"de\",\"@id\":\"https:\\\/\\\/www.groupe-ctci.fr\\\/de\\\/plateau-thermoforme-pour-la-manutention\\\/#primaryimage\",\"url\":\"https:\\\/\\\/www.groupe-ctci.fr\\\/de\\\/wp-content\\\/uploads\\\/sites\\\/5\\\/2020\\\/09\\\/spezialist-fur-thermogeformte-platten.png\",\"contentUrl\":\"https:\\\/\\\/www.groupe-ctci.fr\\\/de\\\/wp-content\\\/uploads\\\/sites\\\/5\\\/2020\\\/09\\\/spezialist-fur-thermogeformte-platten.png\",\"width\":552,\"height\":552,\"caption\":\"spezialist f\u00fcr thermogeformte platten\"},{\"@type\":\"BreadcrumbList\",\"@id\":\"https:\\\/\\\/www.groupe-ctci.fr\\\/de\\\/plateau-thermoforme-pour-la-manutention\\\/#breadcrumb\",\"itemListElement\":[{\"@type\":\"ListItem\",\"position\":1,\"name\":\"Accueil\",\"item\":\"https:\\\/\\\/www.groupe-ctci.fr\\\/de\\\/\"},{\"@type\":\"ListItem\",\"position\":2,\"name\":\"Plateau thermoform\u00e9 pour la manutentionThermogeformte Handling-Trays\"}]},{\"@type\":\"WebSite\",\"@id\":\"https:\\\/\\\/www.groupe-ctci.fr\\\/de\\\/#website\",\"url\":\"https:\\\/\\\/www.groupe-ctci.fr\\\/de\\\/\",\"name\":\"CTCI production - DE\",\"description\":\"Expert en solutions de thermoformage sur mesure\",\"potentialAction\":[{\"@type\":\"SearchAction\",\"target\":{\"@type\":\"EntryPoint\",\"urlTemplate\":\"https:\\\/\\\/www.groupe-ctci.fr\\\/de\\\/?s={search_term_string}\"},\"query-input\":{\"@type\":\"PropertyValueSpecification\",\"valueRequired\":true,\"valueName\":\"search_term_string\"}}],\"inLanguage\":\"de\"}]}<\/script>\n<!-- \/ Yoast SEO plugin. -->","yoast_head_json":{"title":"Plateau en plastique thermoform\u00e9 pour la manutention","description":"CTCI fabrique des plateaux en plastique thermoform\u00e9s pour la manutention automatique ou manuelle. Contactez-nous pour en savoir plus !","robots":{"index":"index","follow":"follow","max-snippet":"max-snippet:-1","max-image-preview":"max-image-preview:large","max-video-preview":"max-video-preview:-1"},"canonical":"https:\/\/www.groupe-ctci.fr\/de\/plateau-thermoforme-pour-la-manutention\/","og_locale":"de_DE","og_type":"article","og_title":"Plateau en plastique thermoform\u00e9 pour la manutention","og_description":"CTCI fabrique des plateaux en plastique thermoform\u00e9s pour la manutention automatique ou manuelle. Contactez-nous pour en savoir plus !","og_url":"https:\/\/www.groupe-ctci.fr\/de\/plateau-thermoforme-pour-la-manutention\/","og_site_name":"CTCI production - DE","article_modified_time":"2021-03-09T17:20:13+00:00","og_image":[{"url":"https:\/\/www.groupe-ctci.fr\/de\/wp-content\/uploads\/sites\/5\/2020\/09\/spezialist-fur-thermogeformte-platten-300x300.png","type":"","width":"","height":""}],"twitter_card":"summary_large_image","twitter_misc":{"Gesch\u00e4tzte Lesezeit":"1\u00a0Minute"},"schema":{"@context":"https:\/\/schema.org","@graph":[{"@type":"WebPage","@id":"https:\/\/www.groupe-ctci.fr\/de\/plateau-thermoforme-pour-la-manutention\/","url":"https:\/\/www.groupe-ctci.fr\/de\/plateau-thermoforme-pour-la-manutention\/","name":"Plateau en plastique thermoform\u00e9 pour la manutention","isPartOf":{"@id":"https:\/\/www.groupe-ctci.fr\/de\/#website"},"primaryImageOfPage":{"@id":"https:\/\/www.groupe-ctci.fr\/de\/plateau-thermoforme-pour-la-manutention\/#primaryimage"},"image":{"@id":"https:\/\/www.groupe-ctci.fr\/de\/plateau-thermoforme-pour-la-manutention\/#primaryimage"},"thumbnailUrl":"https:\/\/www.groupe-ctci.fr\/de\/wp-content\/uploads\/sites\/5\/2020\/09\/spezialist-fur-thermogeformte-platten-300x300.png","datePublished":"2020-09-04T13:17:30+00:00","dateModified":"2021-03-09T17:20:13+00:00","description":"CTCI fabrique des plateaux en plastique thermoform\u00e9s pour la manutention automatique ou manuelle. Contactez-nous pour en savoir plus !","breadcrumb":{"@id":"https:\/\/www.groupe-ctci.fr\/de\/plateau-thermoforme-pour-la-manutention\/#breadcrumb"},"inLanguage":"de","potentialAction":[{"@type":"ReadAction","target":["https:\/\/www.groupe-ctci.fr\/de\/plateau-thermoforme-pour-la-manutention\/"]}]},{"@type":"ImageObject","inLanguage":"de","@id":"https:\/\/www.groupe-ctci.fr\/de\/plateau-thermoforme-pour-la-manutention\/#primaryimage","url":"https:\/\/www.groupe-ctci.fr\/de\/wp-content\/uploads\/sites\/5\/2020\/09\/spezialist-fur-thermogeformte-platten.png","contentUrl":"https:\/\/www.groupe-ctci.fr\/de\/wp-content\/uploads\/sites\/5\/2020\/09\/spezialist-fur-thermogeformte-platten.png","width":552,"height":552,"caption":"spezialist f\u00fcr thermogeformte platten"},{"@type":"BreadcrumbList","@id":"https:\/\/www.groupe-ctci.fr\/de\/plateau-thermoforme-pour-la-manutention\/#breadcrumb","itemListElement":[{"@type":"ListItem","position":1,"name":"Accueil","item":"https:\/\/www.groupe-ctci.fr\/de\/"},{"@type":"ListItem","position":2,"name":"Plateau thermoform\u00e9 pour la manutentionThermogeformte Handling-Trays"}]},{"@type":"WebSite","@id":"https:\/\/www.groupe-ctci.fr\/de\/#website","url":"https:\/\/www.groupe-ctci.fr\/de\/","name":"CTCI production - DE","description":"Expert en solutions de thermoformage sur mesure","potentialAction":[{"@type":"SearchAction","target":{"@type":"EntryPoint","urlTemplate":"https:\/\/www.groupe-ctci.fr\/de\/?s={search_term_string}"},"query-input":{"@type":"PropertyValueSpecification","valueRequired":true,"valueName":"search_term_string"}}],"inLanguage":"de"}]}},"jetpack_sharing_enabled":true,"_links":{"self":[{"href":"https:\/\/www.groupe-ctci.fr\/de\/wp-json\/wp\/v2\/pages\/939","targetHints":{"allow":["GET"]}}],"collection":[{"href":"https:\/\/www.groupe-ctci.fr\/de\/wp-json\/wp\/v2\/pages"}],"about":[{"href":"https:\/\/www.groupe-ctci.fr\/de\/wp-json\/wp\/v2\/types\/page"}],"author":[{"embeddable":true,"href":"https:\/\/www.groupe-ctci.fr\/de\/wp-json\/wp\/v2\/users\/4"}],"replies":[{"embeddable":true,"href":"https:\/\/www.groupe-ctci.fr\/de\/wp-json\/wp\/v2\/comments?post=939"}],"version-history":[{"count":14,"href":"https:\/\/www.groupe-ctci.fr\/de\/wp-json\/wp\/v2\/pages\/939\/revisions"}],"predecessor-version":[{"id":941,"href":"https:\/\/www.groupe-ctci.fr\/de\/wp-json\/wp\/v2\/pages\/939\/revisions\/941"}],"wp:attachment":[{"href":"https:\/\/www.groupe-ctci.fr\/de\/wp-json\/wp\/v2\/media?parent=939"}],"curies":[{"name":"wp","href":"https:\/\/api.w.org\/{rel}","templated":true}]}}